{"id":153,"date":"2021-05-27T12:07:28","date_gmt":"2021-05-27T05:07:28","guid":{"rendered":"https:\/\/beta.ecofriendly.vn\/?post_type=product&#038;p=153"},"modified":"2022-09-05T10:49:46","modified_gmt":"2022-09-05T03:49:46","slug":"com-chay-sieu-cha-bong","status":"publish","type":"product","link":"https:\/\/ecofriendly.vn\/vi\/san-pham\/com-chay-sieu-cha-bong\/","title":{"rendered":"C\u01a1m Ch\u00e1y Si\u00eau Ch\u00e0 B\u00f4ng"},"content":{"rendered":"<p>C\u01a1m ch\u00e1y nh\u00e0 l\u00e0m, n\u00ean h\u1ee3p v\u1ec7 sinh v\u00e0 ch\u1ea5t l\u01b0\u1ee3ng lu\u00f4n \u0111\u1eb7t tr\u00ean h\u00e0ng \u0111\u1ea7u.<\/p>\n<p>Mi\u1ebfng c\u01a1m ch\u00e1y nhai gi\u00f2n r\u1ee5m k\u00e8m theo n\u01b0\u1edbc s\u1ed1t si\u00eau ngon , r\u1eafc th\u00eam l\u1edbp l\u1edbp ch\u00e0 b\u00f4ng d\u00e0y , \u0103n n\u00f3 \u0111\u00e3 l\u1eafm lu\u00f4n nhen kh\u00e1ch.<\/p>\n","protected":false},"excerpt":{"rendered":"<p>C\u01a1m ch\u00e1y si\u00eau ch\u00e0 b\u00f4ng Homemade<\/p>\n<p>Mi\u1ebfng c\u01a1m ch\u00e1y nhai gi\u00f2n r\u1ee5m k\u00e8m theo n\u01b0\u1edbc s\u1ed1t si\u00eau ngon<\/p>\n<p>R\u1eafc th\u00eam l\u1edbp l\u1edbp ch\u00e0 b\u00f4ng d\u00e0y.<br \/>\n65k\/250gr<br \/>\n250k\/1kg<\/p>\n<p>&nbsp;<\/p>\n<p>&nbsp;<\/p>\n","protected":false},"featured_media":235,"comment_status":"open","ping_status":"closed","template":"","meta":[],"product_cat":[32],"product_tag":[],"_links":{"self":[{"href":"https:\/\/ecofriendly.vn\/vi\/wp-json\/wp\/v2\/product\/153"}],"collection":[{"href":"https:\/\/ecofriendly.vn\/vi\/wp-json\/wp\/v2\/product"}],"about":[{"href":"https:\/\/ecofriendly.vn\/vi\/wp-json\/wp\/v2\/types\/product"}],"replies":[{"embeddable":true,"href":"https:\/\/ecofriendly.vn\/vi\/wp-json\/wp\/v2\/comments?post=153"}],"wp:featuredmedia":[{"embeddable":true,"href":"https:\/\/ecofriendly.vn\/vi\/wp-json\/wp\/v2\/media\/235"}],"wp:attachment":[{"href":"https:\/\/ecofriendly.vn\/vi\/wp-json\/wp\/v2\/media?parent=153"}],"wp:term":[{"taxonomy":"product_cat","embeddable":true,"href":"https:\/\/ecofriendly.vn\/vi\/wp-json\/wp\/v2\/product_cat?post=153"},{"taxonomy":"product_tag","embeddable":true,"href":"https:\/\/ecofriendly.vn\/vi\/wp-json\/wp\/v2\/product_tag?post=153"}],"curies":[{"name":"wp","href":"https:\/\/api.w.org\/{rel}","templated":true}]}}