{"id":146,"date":"2021-05-27T12:07:27","date_gmt":"2021-05-27T05:07:27","guid":{"rendered":"https:\/\/beta.ecofriendly.vn\/?post_type=product&#038;p=146"},"modified":"2021-05-28T15:11:28","modified_gmt":"2021-05-28T08:11:28","slug":"ong-hut-co-tuoi-gia-re-tuoi-moi-bao-quan-lau","status":"publish","type":"product","link":"https:\/\/ecofriendly.vn\/vi\/san-pham\/ong-hut-co-tuoi-gia-re-tuoi-moi-bao-quan-lau\/","title":{"rendered":"\u1ed0ng h\u00fat c\u1ecf t\u01b0\u01a1i \u2013 Gi\u00e1 r\u1ebb &#8211; t\u01b0\u01a1i m\u1edbi &#8211; b\u1ea3o qu\u1ea3n l\u00e2u"},"content":{"rendered":"<div id=\"attachment_2824\" class=\"wp-caption aligncenter\">\n<blockquote><p><span style=\"color: #000000; font-size: 120%;\">B\u1ecf \u1ed1ng h\u00fat nh\u1ef1a v\u00e0 c\u00e1c lo\u1ea1i \u1ed1ng h\u00fat nh\u00e2n t\u1ea1o \u0111\u1ec3 c\u00f9ng nhau s\u1eed d\u1ee5ng \u1ed1ng h\u00fat nhi\u00ean. Gi\u1ea3i ph\u00e1p ho\u00e0n h\u1ea3o \u0111\u1ec3 thay th\u1ebf v\u00e0 b\u1ea3o v\u1ec7 m\u00f4i tr\u01b0\u1eddng.<\/span><\/p><\/blockquote>\n<h1><span style=\"color: #000000;\">\u0110\u1eb6C \u0110I\u1ec2M C\u1ee6A \u1ed0NG H\u00daT C\u1ece T\u01af\u01a0I:<\/span><\/h1>\n<p><span style=\"color: #000000; font-size: 120%;\">&#8211; \u0110\u01b0\u1ee3c l\u00e0m t\u1eeb th\u00e2n tr\u1ed3ng t\u1ef1 nhi\u00ean<\/span><\/p>\n<p><span style=\"color: #000000; font-size: 120%;\">&#8211; 100% ph\u00e2n h\u1ee7y<\/span><\/p>\n<p><span style=\"color: #000000; font-size: 120%;\">&#8211; Bao b\u00ec kh\u00f4ng c\u00f3 nh\u1ef1a<\/span><\/p>\n<p><span style=\"color: #000000; font-size: 120%;\">&#8211; Kh\u00f4ng ch\u1ee9a\u00a0 ho\u00e1 h\u1ecdc<\/span><\/p>\n<p><span style=\"color: #000000; font-size: 120%;\">&#8211; Chi\u1ec1u d\u00e0i \u0111a d\u1ea1ng: 11 &#8211; 20 &#8211; 27 cm<\/span><\/p>\n<p><span style=\"color: #000000; font-size: 120%;\">&#8211; \u0110\u01b0\u1eddng k\u00ednh trong: 3,5 &#8211; 6 mm<\/span><\/p>\n<p><span style=\"color: #000000; font-size: 120%;\">&#8211; Kh\u00f4ng tan trong n\u01b0\u1edbc<\/span><\/p>\n<p><span style=\"color: #000000; font-size: 120%;\"><i>\u00a0\u1ed0ng h\u00fat c\u1ecf t\u01b0\u01a1i\u00a0<\/i>\u0111\u01b0\u1ee3c l\u00e0m t\u1eeb th\u00e2n c\u00e2y c\u1ecf b\u00e0ng tr\u1ed3ng t\u1ef1 nhi\u00ean 100%. S\u1ea3n ph\u1ea9m kh\u00f4ng tan trong n\u01b0\u1edbc n\u00ean c\u00f3 th\u1ec3 s\u1eed d\u1ee5ng trong th\u1eddi gian d\u00e0i. \u1ed0ng h\u00fat c\u1ecf t\u01b0\u01a1i th\u00edch h\u1ee3p cho n\u01b0\u1edbc, c\u00e0 ph\u00ea v\u00e0 c\u00e1c lo\u1ea1i sinh t\u1ed1 v\u00e0 n\u01b0\u1edbc gi\u1ea3i kh\u00e1t lo\u00e3ng<\/span><\/p>\n<figure id=\"attachment_535\" aria-describedby=\"caption-attachment-535\" style=\"width: 1020px\" class=\"wp-caption aligncenter\"><img decoding=\"async\" loading=\"lazy\" class=\"wp-image-535 size-large\" src=\"https:\/\/ecofriendly.vn\/wp-content\/uploads\/2019\/12\/36-1024x1024.png\" alt=\"\u1ed0ng h\u00fat c\u1ecf t\u01b0\u01a1i \u0111\u01b0\u1ee3c s\u1eed d\u1ee5ng \u0111\u1ec3 u\u1ed1ng bia\" width=\"1020\" height=\"1020\" \/><figcaption id=\"caption-attachment-535\" class=\"wp-caption-text\">\u1ed0ng h\u00fat c\u1ecf t\u01b0\u01a1i \u0111\u01b0\u1ee3c s\u1eed d\u1ee5ng \u0111\u1ec3 u\u1ed1ng bia<\/figcaption><\/figure>\n<figure id=\"attachment_536\" aria-describedby=\"caption-attachment-536\" style=\"width: 1020px\" class=\"wp-caption aligncenter\"><img decoding=\"async\" loading=\"lazy\" class=\"wp-image-536 size-large\" src=\"https:\/\/ecofriendly.vn\/wp-content\/uploads\/2019\/12\/35-1024x1024.png\" alt=\"\u1ed0ng h\u00fat c\u1ecf t\u01b0\u01a1i kh\u00f4ng tan trong n\u01b0\u1edbc\" width=\"1020\" height=\"1020\" \/><figcaption id=\"caption-attachment-536\" class=\"wp-caption-text\">\u1ed0ng h\u00fat c\u1ecf t\u01b0\u01a1i \u0111\u01b0\u1ee3c s\u1eed d\u1ee5ng \u0111\u1ec3 u\u1ed1ng bia<\/figcaption><\/figure>\n<figure id=\"attachment_537\" aria-describedby=\"caption-attachment-537\" style=\"width: 1020px\" class=\"wp-caption aligncenter\"><img decoding=\"async\" loading=\"lazy\" class=\"wp-image-537 size-large\" src=\"https:\/\/ecofriendly.vn\/wp-content\/uploads\/2019\/12\/32-1024x1024.png\" alt=\"\u0110\u1eb9p m\u1eaft v\u00e0 sang tr\u1ecdng\" width=\"1020\" height=\"1020\" \/><figcaption id=\"caption-attachment-537\" class=\"wp-caption-text\">\u1ed0ng h\u00fat c\u1ecf t\u01b0\u01a1i \u0111\u01b0\u1ee3c s\u1eed d\u1ee5ng \u0111\u1ec3 u\u1ed1ng bia<\/figcaption><\/figure>\n<\/div>\n<h3><span style=\"color: #000000; font-size: 120%;\">Mua \u1ed1ng h\u00fat c\u1ecf t\u01b0\u01a1i gi\u00e1 r\u1ebb \u2013 \u0110\u1ebfn ngay Ecofriendly.vn<\/span><\/h3>\n<p><span style=\"color: #000000; font-size: 120%;\">H\u00e3y \u0111\u1ebfn v\u1edbi Ecofriendly.vn \u2013 \u0111\u01a1n v\u1ecb s\u1ea3n xu\u1ea5t v\u00e0 kinh doanh <strong>\u1ed1ng h\u00fat c\u1ecf<\/strong>\u00a0h\u00e0ng \u0111\u1ea7u Vi\u1ec7t Nam. \u0110\u1ebfn v\u1edbi ch\u00fang t\u00f4i, qu\u00fd kh\u00e1ch s\u1ebd t\u00ecm \u0111\u01b0\u1ee3c gi\u1ea3i ph\u00e1p cho t\u1ea5t c\u1ea3 v\u1ea5n \u0111\u1ec1 t\u1eeb gi\u00e1 c\u1ea3 \u0111\u1ebfn s\u1ed1 l\u01b0\u1ee3ng v\u00e0 ch\u1ea5t l\u01b0\u1ee3ng s\u1ea3n ph\u1ea9m.<\/span><\/p>\n<div class=\"rank-math-contact-info wpseo_map_compat show-map show-map-only\"><div class=\"rank-math-contact-section rank-math-contact-map\"><\/div><\/div><div class=\"clear\"><\/div>\n<div class=\"rank-math-contact-info wpseo_address_compat show-address show-phone\"><div class=\"rank-math-contact-section rank-math-contact-address\"><\/div><div class=\"rank-math-contact-section rank-math-contact-phone\"><\/div><\/div><div class=\"clear\"><\/div>\n<div class=\"rank-math-contact-info wpseo_opening_hours_compat show-hours show-hours-only\"><div class=\"rank-math-contact-section rank-math-contact-hours\">\t\t<label>Hours:<\/label>\n\t\t<div class=\"rank-math-contact-hours-details\">\n\t\t\t<div class=\"rank-math-opening-hours\"><span class=\"rank-math-opening-days\">Monday, Tuesday, Wednesday, Thursday, Friday, Saturday, Sunday<\/span><span class=\"rank-math-opening-time\">09:00 &ndash; 17:00<\/span><\/div>\t\t<\/div>\n\t\t<\/div><\/div><div class=\"clear\"><\/div>\n","protected":false},"excerpt":{"rendered":"<ul>\n<li><span style=\"color: #000000;\">Ch\u1ea5t li\u1ec7u: C\u1ecf tr\u1ed3ng thi\u00ean nhi\u00ean<\/span><\/li>\n<li><span style=\"color: #000000;\">Tr\u1ea1ng th\u00e1i: T\u01b0\u01a1i<\/span><\/li>\n<li><span style=\"color: #000000;\">Chi\u1ec1u d\u00e0i: 11 &#8211; 20 &#8211; 27 cm<\/span><\/li>\n<li><span style=\"color: #000000;\">\u0110\u01b0\u1eddng k\u00ednh trong: 3.5 mm tr\u1edf l\u00ean<\/span><\/li>\n<li><span style=\"color: #000000;\">Th\u1eddi h\u1ea1n b\u1ea3o qu\u1ea3n: 30 ng\u00e0y<\/span><\/li>\n<li><span style=\"color: #000000;\">Kh\u00f4ng tan trong n\u01b0\u1edbc<\/span><\/li>\n<li><span style=\"color: #000000;\">Th\u00edch h\u1ee3p \u0111\u1ec3 u\u1ed1ng n\u01b0\u1edbc v\u00e0 cafe, sinh t\u1ed1 lo\u00e3ng, &#8230;..<\/span><\/li>\n<\/ul>\n","protected":false},"featured_media":222,"comment_status":"open","ping_status":"closed","template":"","meta":[],"product_cat":[32],"product_tag":[],"_links":{"self":[{"href":"https:\/\/ecofriendly.vn\/vi\/wp-json\/wp\/v2\/product\/146"}],"collection":[{"href":"https:\/\/ecofriendly.vn\/vi\/wp-json\/wp\/v2\/product"}],"about":[{"href":"https:\/\/ecofriendly.vn\/vi\/wp-json\/wp\/v2\/types\/product"}],"replies":[{"embeddable":true,"href":"https:\/\/ecofriendly.vn\/vi\/wp-json\/wp\/v2\/comments?post=146"}],"wp:featuredmedia":[{"embeddable":true,"href":"https:\/\/ecofriendly.vn\/vi\/wp-json\/wp\/v2\/media\/222"}],"wp:attachment":[{"href":"https:\/\/ecofriendly.vn\/vi\/wp-json\/wp\/v2\/media?parent=146"}],"wp:term":[{"taxonomy":"product_cat","embeddable":true,"href":"https:\/\/ecofriendly.vn\/vi\/wp-json\/wp\/v2\/product_cat?post=146"},{"taxonomy":"product_tag","embeddable":true,"href":"https:\/\/ecofriendly.vn\/vi\/wp-json\/wp\/v2\/product_tag?post=146"}],"curies":[{"name":"wp","href":"https:\/\/api.w.org\/{rel}","templated":true}]}}