{"id":139,"date":"2021-05-27T12:07:26","date_gmt":"2021-05-27T05:07:26","guid":{"rendered":"https:\/\/beta.ecofriendly.vn\/?post_type=product&#038;p=139"},"modified":"2023-03-09T14:40:09","modified_gmt":"2023-03-09T07:40:09","slug":"ung-ho-mien-trung-ong-hut-co-kho-gia-re-chat-luong-cao-dung-duoc-nhieu-loai-nuoc","status":"publish","type":"product","link":"https:\/\/ecofriendly.vn\/vi\/san-pham\/ung-ho-mien-trung-ong-hut-co-kho-gia-re-chat-luong-cao-dung-duoc-nhieu-loai-nuoc\/","title":{"rendered":"[\u1ee6NG H\u1ed8 MI\u1ec0N TRUNG] \u1ed0ng h\u00fat c\u1ecf kh\u00f4 \u2013 Gi\u00e1 r\u1ebb &#8211; ch\u1ea5t l\u01b0\u1ee3ng cao, d\u00f9ng \u0111\u01b0\u1ee3c nhi\u1ec1u lo\u1ea1i n\u01b0\u1edbc"},"content":{"rendered":"<h1 style=\"text-align: center;\"><span style=\"color: #ff0000;\"><strong>\u1ee6ng h\u1ed9 mi\u1ec1n Trung<\/strong><\/span><\/h1>\n<p style=\"text-align: center;\"><span style=\"font-size: 120%;\">Ch\u00fang t\u00f4i b\u00e1n 50.000 \u1ed1ng h\u00fat c\u1ecf kh\u00f4 20 cm v\u1edbi gi\u00e1 v\u1ed1n.<span style=\"color: #ff0000;\"><strong> Gi\u1ea3m t\u1eeb 800\u0111\/ \u1ed1ng xu\u1ed1ng c\u00f2n 500\u0111\/ \u1ed1ng<\/strong><\/span> \u0111\u1ec3 \u1ee7ng h\u1ed9 Mi\u1ec1n Trung th\u00e2n y\u00ean c\u1ee7a ch\u00fang ta. T\u1ea5t c\u1ea3 ti\u1ec1n b\u00e1n \u0111\u01b0\u1ee3c (25 tri\u1ec7u) s\u1ebd \u0111\u01b0\u1ee3c chuy\u1ec3n cho C\u00f4 Ti\u00ean.<\/span><\/p>\n<p style=\"text-align: center;\"><span style=\"font-size: 120%;\">N\u1ebfu kh\u00e1ch h\u00e0ng l\u00e0 doanh nghi\u1ec7p hay nh\u00e0 h\u00e0ng, kh\u00e1ch s\u1ea1n, qu\u00e1n Cafe c\u00f3 nhu c\u1ea7u s\u1ed1 l\u01b0\u1ee3ng l\u1edbn. Xin vui l\u00f2ng li\u00ean h\u1ec7 ch\u00fang t\u00f4i.<\/span><\/p>\n<p style=\"text-align: center;\"><span style=\"color: #00aae7; font-size: 120%;\">Mong m\u1ecdi ng\u01b0\u1eddi \u1ee7ng h\u1ed9 v\u00e0 gi\u00fap \u0111\u1ee1.<\/span><\/p>\n<h2><strong><span style=\"color: #339966;\">\u1ed0ng h\u00fat c\u1ecf kh\u00f4<\/span> <a href=\"https:\/\/ecofriendly.vn\/\"><span style=\"color: #ff0000;\">Ecofriendly.vn<\/span><\/a> \u2013 Ch\u1ea5t l\u01b0\u1ee3ng cao, An to\u00e0n tuy\u1ec7t \u0111\u1ed1i, Gi\u00e1 h\u1ea5p d\u1eabn<\/strong><\/h2>\n<blockquote><p><span style=\"color: #000000;\">Eco Friendly l\u00e0 \u0111\u01a1n v\u1ecb ti\u00ean phong trong vi\u1ec7c h\u1ee3p t\u00e1c s\u1ea3n xu\u1ea5t, ph\u00e2n ph\u1ed1i v\u00e0 kinh doanh <a style=\"color: #000000;\" href=\"https:\/\/ecofriendly.vn\/danh-muc\/ong-hut-co\/\">\u1ed1ng h\u00fat c\u1ecf<\/a>\u00a0kh\u00f4 t\u1ea1i Vi\u1ec7t Nam.\u00a0<a style=\"color: #000000;\" href=\"https:\/\/ecofriendly.vn\/san-pham\/ong-hut-co-kho-loai-dai-20-cm-hop-100-ong\/\">\u1ed0ng h\u00fat c\u1ecf kh\u00f4<\/a>\u00a0c\u1ee7a\u00a0 Friendly Vi\u1ec7t Nam lu\u00f4n n\u1eb1m trong TOP d\u1eabn \u0111\u1ea7u c\u00e1c s\u1ea3n ph\u1ea9m \u1ed1ng h\u00fat c\u1ecf ch\u1ea5t l\u01b0\u1ee3ng cao, \u0111\u1ea3m b\u1ea3o ti\u00eau ch\u00ed v\u1ec7 sinh an to\u00e0n th\u1ef1c ph\u1ea9m m\u00e0 gi\u00e1 c\u1ea3 l\u1ea1i r\u1ea5t c\u1ea1nh tranh so v\u1edbi c\u00e1c s\u1ea3n ph\u1ea9m kh\u00e1c tr\u00ean th\u1ecb tr\u01b0\u1eddng.<\/span><\/p><\/blockquote>\n<h2><span style=\"color: #000000;\"><strong>\u1ed0ng h\u00fat c\u1ecf kh\u00f4<\/strong>\u00a0c\u1ee7a <a style=\"color: #000000;\" href=\"https:\/\/ecofriendly.vn\/\">Ecofriendly.vn<\/a> \u0111\u01b0\u1ee3c s\u1ea3n xu\u1ea5t b\u00e1n th\u1ee7 c\u00f4ng v\u1edbi quy tr\u00ecnh ki\u1ec3m tra nghi\u00eam ng\u1eb7t<\/span><\/h2>\n<p><span style=\"color: #000000;\">Sau h\u01a1n 1 n\u0103m, <strong>Eco Friendly Vi\u1ec7t Nam<\/strong> \u0111\u00e3 nghi\u00eam c\u1ee9u th\u00e0nh c\u00f4ng quy tr\u00ecnh s\u1ea3n xu\u1ea5t <strong>\u1ed1ng h\u00fat c\u1ecf kh\u00f4<\/strong> b\u00e1n th\u1ee7 c\u00f4ng. Tuy v\u1eabn ch\u01b0a ti\u1ebfng l\u00ean \u0111\u01b0\u1ee3c quy tr\u00ecnh s\u1ea3n xu\u1ea5t t\u1ef1 \u0111\u1ed9ng h\u00f3a do nhi\u1ec1u y\u1ebfu t\u1ed1 kh\u00e1ch quan, nh\u01b0ng v\u1edbi nh\u1eefng kinh nghi\u1ec7m c\u1ee7a m\u00ecnh. <em>Eco Friendly<\/em>\u00a0<em>Vi\u1ec7t Nam<\/em>\u00a0\u0111\u00e3 s\u1ea3n xu\u1ea5t \u1ed5n \u0111\u1ecbnh v\u00e0 \u0111\u1ef1a ra th\u1ecb tr\u01b0\u1eddng h\u01a1n\u00a0<em><strong>3.000.000 (ba tri\u1ec7u)<\/strong><\/em>\u00a0\u1ed1ng h\u00fat c\u1ecf kh\u00f4 m\u1ed7i th\u00e1ng. T\u1ea5t c\u1ea3 c\u00e1c s\u1ea3n ph\u1ea9m \u1ed1ng h\u00fat c\u1ecf kh\u00f4 \u0111\u01b0\u1ee3c s\u1ea3n xu\u1ea5t ra d\u01b0\u1edbi s\u1ef1 gi\u00e1m s\u00e1t kh\u1eafc khe nh\u1eb1m \u0111\u1ea3m b\u1ea3o ch\u1ea5t l\u01b0\u1ee3ng cao nh\u1ea5t cho s\u1ea3n ph\u1ea9m v\u00e0 an to\u00e0n cho ng\u01b0\u1eddi s\u1eed d\u1ee5ng.<\/span><\/p>\n<div id=\"attachment_2821\" class=\"wp-caption aligncenter\">\n<p><span style=\"color: #000000;\"><a style=\"color: #000000;\" href=\"https:\/\/ecofriendly.vn\/danh-muc\/ong-hut-co\/\"><img decoding=\"async\" loading=\"lazy\" class=\"aligncenter wp-image-2821 size-full\" src=\"https:\/\/grassstraw.vn\/wp-content\/uploads\/2019\/10\/%E1%BB%90ng-h%C3%BAt-c%E1%BB%8F-grassstraw-34.jpg\" alt=\"M\u00e1y l\u00e0m \u1ed1ng h\u00fat c\u1ecf\" width=\"1282\" height=\"670\" aria-describedby=\"caption-attachment-2821\" \/><\/a><\/span><\/p>\n<p id=\"caption-attachment-2821\" class=\"wp-caption-text\"><span style=\"color: #000000;\">M\u00e1y l\u00e0m \u1ed1ng h\u00fat c\u1ecf<\/span><\/p>\n<\/div>\n<p><span style=\"color: #000000;\">C\u00e1c s\u1ea3n ph\u1ea9m\u00a0<strong>\u1ed1ng h\u00fat c\u1ecf kh\u00f4<\/strong>\u00a0lu\u00f4n \u0111\u01b0\u1ee3c ki\u1ec3m tra v\u00e0 qu\u1ea3n l\u00fd ch\u1ea5t l\u01b0\u1ee3ng kh\u1eafc khe t\u1eeb kh\u00e2u \u0111\u1ea7u v\u00e0o thu ho\u1ea1ch nguy\u00ean li\u1ec7u \u0111\u1ebfn kh\u00e2u s\u1ea5y v\u00e0 \u0111\u00f3ng g\u00f3i cu\u1ed1i c\u00f9ng. V\u00ec v\u1eady, c\u00e1c s\u1ea3n ph\u1ea9m<strong>\u00a0\u1ed1ng h\u00fat c\u1ecf<\/strong> c\u1ee7a ch\u00fang t\u00f4i lu\u00f4n \u0111\u01b0\u1ee3c ng\u01b0\u1eddi ti\u00eau d\u00f9ng tin t\u01b0\u1edfng v\u00e0 s\u1eed d\u1ee5ng.<\/span><\/p>\n<h3><span style=\"color: #000000;\">\u1ed0ng h\u00fat c\u1ecf kh\u00f4 c\u00f3 k\u00edch th\u01b0\u1edbc nh\u01b0 \u1ed1ng h\u00fat nh\u00e2n t\u1ea1o<\/span><\/h3>\n<p><span style=\"color: #000000;\"><strong>\u1ed0ng h\u00fat c\u1ecf kh\u00f4<\/strong>\u00a0c\u00f3 \u0111\u01b0\u1eddng k\u00ednh t\u1eeb\u00a0<strong><em>4.5 mm<\/em><\/strong>\u00a0tr\u1edf l\u00ean v\u00e0 chi\u1ec1u d\u00e0i\u00a0<em><strong>200 mm<\/strong><\/em>. V\u00ec v\u1eady \u1ed1ng h\u00fat c\u1ecf kh\u00f4 c\u00f3 k\u00edch th\u01b0\u1edbc t\u01b0\u01a1ng \u0111\u01b0\u01a1ng v\u1edbi c\u00e1c lo\u1ea1i \u1ed1ng h\u00fat nh\u00e2n t\u1ea1o tr\u00ean th\u1ecb tr\u01b0\u1eddng (tr\u1eeb nh\u1eefng lo\u1ea1i \u0111\u1eb7c bi\u1ec7t)<\/span><\/p>\n<div id=\"attachment_2822\" class=\"wp-caption aligncenter\">\n<p><span style=\"color: #000000;\"><a style=\"color: #000000;\" href=\"https:\/\/grassstraw.vn\/\" target=\"_blank\" rel=\"noopener\"><img decoding=\"async\" loading=\"lazy\" class=\"wp-image-2822 size-full\" src=\"https:\/\/grassstraw.vn\/wp-content\/uploads\/2019\/10\/%E1%BB%90ng-h%C3%BAt-c%E1%BB%8F-grassstraw-35.jpg\" sizes=\"(max-width: 1060px) 100vw, 1060px\" srcset=\"https:\/\/grassstraw.vn\/wp-content\/uploads\/2019\/10\/\u1ed0ng-h\u00fat-c\u1ecf-grassstraw-35.jpg 1060w, https:\/\/grassstraw.vn\/wp-content\/uploads\/2019\/10\/\u1ed0ng-h\u00fat-c\u1ecf-grassstraw-35-300x169.jpg 300w, https:\/\/grassstraw.vn\/wp-content\/uploads\/2019\/10\/\u1ed0ng-h\u00fat-c\u1ecf-grassstraw-35-768x432.jpg 768w, https:\/\/grassstraw.vn\/wp-content\/uploads\/2019\/10\/\u1ed0ng-h\u00fat-c\u1ecf-grassstraw-35-1024x576.jpg 1024w, https:\/\/grassstraw.vn\/wp-content\/uploads\/2019\/10\/\u1ed0ng-h\u00fat-c\u1ecf-grassstraw-35-600x337.jpg 600w\" alt=\"\u0110\u01b0\u1eddng k\u00ednh \u1ed1ng h\u00fat c\u1ecf kh\u00f4\" width=\"1060\" height=\"596\" aria-describedby=\"caption-attachment-2822\" \/><\/a><\/span><\/p>\n<p id=\"caption-attachment-2822\" class=\"wp-caption-text\"><span style=\"color: #000000;\">\u0110\u01b0\u1eddng k\u00ednh \u1ed1ng h\u00fat c\u1ecf kh\u00f4<\/span><\/p>\n<\/div>\n<h3><span style=\"color: #000000;\"><strong>\u1ed0ng h\u00fat c\u1ecf kh\u00f4<\/strong>\u00a0\u2013 S\u1ef1 thay th\u1ebf ho\u00e0n h\u1ea3o cho \u1ed1ng h\u00fat nh\u1ef1a v\u00e0 \u1ed1ng h\u00fat nh\u00e2n t\u1ea1o<\/span><\/h3>\n<p><span style=\"color: #000000;\">V\u1edbi k\u00edch th\u01b0\u1edbc t\u01b0\u01a1ng t\u1ef1 nh\u01b0 \u1ed1ng h\u00fat nh\u1ef1a hay \u1ed1ng h\u00fat nh\u00e2n t\u1ea1o, c\u00f9ng v\u1edbi kh\u1ea3 n\u0103ng kh\u00f4ng tan hay bi\u1ebfn d\u1ea1ng khi ng\u00e2m trong n\u01b0\u1edbc. \u1ed0ng h\u00fat c\u1ecf kh\u00f4 l\u00e0 gi\u1ea3i ph\u00e1p tuy\u1ec7t v\u1eddi \u0111\u1ec3 thay th\u1ebf c\u00e1c lo\u1ea1i \u1ed1ng h\u00fat kh\u00e1c.<\/span><\/p>\n<div id=\"attachment_2823\" class=\"wp-caption aligncenter\">\n<p><span style=\"color: #000000;\"><img decoding=\"async\" loading=\"lazy\" class=\"size-full wp-image-2823\" src=\"https:\/\/grassstraw.vn\/wp-content\/uploads\/2019\/10\/%E1%BB%91ng-h%C3%BAt-c%E1%BB%8F-thay-th%E1%BA%BF-%E1%BB%91ng-h%C3%BAt-nh%E1%BB%B1a.jpg\" sizes=\"(max-width: 1265px) 100vw, 1265px\" srcset=\"https:\/\/grassstraw.vn\/wp-content\/uploads\/2019\/10\/\u1ed1ng-h\u00fat-c\u1ecf-thay-th\u1ebf-\u1ed1ng-h\u00fat-nh\u1ef1a.jpg 1265w, https:\/\/grassstraw.vn\/wp-content\/uploads\/2019\/10\/\u1ed1ng-h\u00fat-c\u1ecf-thay-th\u1ebf-\u1ed1ng-h\u00fat-nh\u1ef1a-300x200.jpg 300w, https:\/\/grassstraw.vn\/wp-content\/uploads\/2019\/10\/\u1ed1ng-h\u00fat-c\u1ecf-thay-th\u1ebf-\u1ed1ng-h\u00fat-nh\u1ef1a-768x513.jpg 768w, https:\/\/grassstraw.vn\/wp-content\/uploads\/2019\/10\/\u1ed1ng-h\u00fat-c\u1ecf-thay-th\u1ebf-\u1ed1ng-h\u00fat-nh\u1ef1a-1024x684.jpg 1024w, https:\/\/grassstraw.vn\/wp-content\/uploads\/2019\/10\/\u1ed1ng-h\u00fat-c\u1ecf-thay-th\u1ebf-\u1ed1ng-h\u00fat-nh\u1ef1a-600x401.jpg 600w\" alt=\"\u1ed0ng h\u00fat c\u1ecf thay thay th\u1ebf ho\u00e0n h\u1ea3o \u1ed1ng h\u00fat nh\u1ef1a\" width=\"1265\" height=\"845\" aria-describedby=\"caption-attachment-2823\" \/><\/span><\/p>\n<p id=\"caption-attachment-2823\" class=\"wp-caption-text\"><span style=\"color: #000000;\">\u1ed0ng h\u00fat c\u1ecf thay thay th\u1ebf ho\u00e0n h\u1ea3o \u1ed1ng h\u00fat nh\u1ef1a<\/span><\/p>\n<\/div>\n<div id=\"attachment_2824\" class=\"wp-caption aligncenter\">\n<p><span style=\"color: #000000;\"><img decoding=\"async\" loading=\"lazy\" class=\"size-full wp-image-2824\" src=\"https:\/\/grassstraw.vn\/wp-content\/uploads\/2019\/10\/%E1%BB%91ng-h%C3%BAt-c%E1%BB%8F-kh%C3%B4-grass-straw-%C4%91%C6%B0%E1%BB%A3c-c%C3%A1c-%C4%91%E1%BA%A7u-b%E1%BA%BFp-h%C3%A0ng-%C4%91%E1%BA%A7u-tin-d%C3%B9ng.jpg\" sizes=\"(max-width: 1024px) 100vw, 1024px\" srcset=\"https:\/\/grassstraw.vn\/wp-content\/uploads\/2019\/10\/\u1ed1ng-h\u00fat-c\u1ecf-kh\u00f4-grass-straw-\u0111\u01b0\u1ee3c-c\u00e1c-\u0111\u1ea7u-b\u1ebfp-h\u00e0ng-\u0111\u1ea7u-tin-d\u00f9ng.jpg 1024w, https:\/\/grassstraw.vn\/wp-content\/uploads\/2019\/10\/\u1ed1ng-h\u00fat-c\u1ecf-kh\u00f4-grass-straw-\u0111\u01b0\u1ee3c-c\u00e1c-\u0111\u1ea7u-b\u1ebfp-h\u00e0ng-\u0111\u1ea7u-tin-d\u00f9ng-300x220.jpg 300w, https:\/\/grassstraw.vn\/wp-content\/uploads\/2019\/10\/\u1ed1ng-h\u00fat-c\u1ecf-kh\u00f4-grass-straw-\u0111\u01b0\u1ee3c-c\u00e1c-\u0111\u1ea7u-b\u1ebfp-h\u00e0ng-\u0111\u1ea7u-tin-d\u00f9ng-768x564.jpg 768w, https:\/\/grassstraw.vn\/wp-content\/uploads\/2019\/10\/\u1ed1ng-h\u00fat-c\u1ecf-kh\u00f4-grass-straw-\u0111\u01b0\u1ee3c-c\u00e1c-\u0111\u1ea7u-b\u1ebfp-h\u00e0ng-\u0111\u1ea7u-tin-d\u00f9ng-600x441.jpg 600w\" alt=\"\u1ed0ng h\u00fat c\u1ecf kh\u00f4 c\u1ee7a ch\u00fang t\u00f4i \u0111\u01b0\u1ee3c c\u00e1c nh\u00e0 h\u00e0ng v\u00e0 \u0111\u1ea7u b\u1ebfp n\u1ed5i ti\u1ebfng tin d\u00f9ng\" width=\"1024\" height=\"752\" aria-describedby=\"caption-attachment-2824\" \/><\/span><\/p>\n<p id=\"caption-attachment-2824\" class=\"wp-caption-text\"><span style=\"color: #000000;\">\u1ed0ng h\u00fat c\u1ecf kh\u00f4 c\u1ee7a ch\u00fang t\u00f4i \u0111\u01b0\u1ee3c c\u00e1c nh\u00e0 h\u00e0ng v\u00e0 \u0111\u1ea7u b\u1ebfp n\u1ed5i ti\u1ebfng tin d\u00f9ng<\/span><\/p>\n<\/div>\n<h3><span style=\"color: #000000;\">Mua \u1ed1ng h\u00fat c\u1ecf kh\u00f4 gi\u00e1 r\u1ebb \u2013 \u0110\u1ebfn ngay Ecofriendly.vn<\/span><\/h3>\n<p><span style=\"color: #000000;\">H\u00e3y \u0111\u1ebfn v\u1edbi Ecofriendly.vn \u2013 \u0111\u01a1n v\u1ecb s\u1ea3n xu\u1ea5t v\u00e0 kinh doanh <strong>\u1ed1ng h\u00fat c\u1ecf<\/strong>\u00a0h\u00e0ng \u0111\u1ea7u Vi\u1ec7t Nam. \u0110\u1ebfn v\u1edbi ch\u00fang t\u00f4i, qu\u00fd kh\u00e1ch s\u1ebd t\u00ecm \u0111\u01b0\u1ee3c gi\u1ea3i ph\u00e1p cho t\u1ea5t c\u1ea3 v\u1ea5n \u0111\u1ec1 t\u1eeb gi\u00e1 c\u1ea3 \u0111\u1ebfn s\u1ed1 l\u01b0\u1ee3ng v\u00e0 ch\u1ea5t l\u01b0\u1ee3ng s\u1ea3n ph\u1ea9m.<\/span><\/p>\n<div class=\"rank-math-contact-info wpseo_map_compat show-map show-map-only\"><div class=\"rank-math-contact-section rank-math-contact-map\"><\/div><\/div><div class=\"clear\"><\/div>\n<div class=\"rank-math-contact-info wpseo_address_compat show-address show-phone\"><div class=\"rank-math-contact-section rank-math-contact-address\"><\/div><div class=\"rank-math-contact-section rank-math-contact-phone\"><\/div><\/div><div class=\"clear\"><\/div>\n<div class=\"rank-math-contact-info wpseo_opening_hours_compat show-hours show-hours-only\"><div class=\"rank-math-contact-section rank-math-contact-hours\">\t\t<label>Hours:<\/label>\n\t\t<div class=\"rank-math-contact-hours-details\">\n\t\t\t<div class=\"rank-math-opening-hours\"><span class=\"rank-math-opening-days\">Monday, Tuesday, Wednesday, Thursday, Friday, Saturday, Sunday<\/span><span class=\"rank-math-opening-time\">09:00 &ndash; 17:00<\/span><\/div>\t\t<\/div>\n\t\t<\/div><\/div><div class=\"clear\"><\/div>\n","protected":false},"excerpt":{"rendered":"<p><span style=\"color: #000000;\">\u2013 \u0110\u1ed9 d\u00e0i: 20 cm<\/span><br \/>\n<span style=\"color: #000000;\">\u2013 C\u1ee1 \u1ed1ng:\u00a0\u0111\u01b0\u1eddng k\u00ednh trong t\u1eeb 4.5 mm tr\u1edf l\u00ean<\/span><br \/>\n<span style=\"color: #000000;\">\u2013 Ph\u1ea7n \u0111\u1ea7u m\u00fat c\u1ee7a \u1ed1ng h\u00fat \u0111\u01b0\u1ee3c c\u1eaft b\u1eb1ng 2 \u0111\u1ea7u<\/span><br \/>\n<span style=\"color: #000000;\">\u2013 Kh\u00f4ng tan trong n\u01b0\u1edbc<\/span><br \/>\n<span style=\"color: #000000;\">\u2013 Ch\u1ea5t li\u1ec7u: c\u1ecf m\u1ecdc t\u1ef1 nhi\u00ean (1-2 n\u0103m tu\u1ed5i)<\/span><br \/>\n<span style=\"color: #000000;\">\u2013 Th\u1ee9c u\u1ed1ng ph\u00f9 h\u1ee3p: C\u00e1c lo\u1ea1i n\u01b0\u1edbc v\u00e0 sinh t\u1ed1 lo\u00e3ng<\/span><br \/>\n<span style=\"color: #000000;\">\u2013 C\u00f3 th\u1ec3 d\u00f9ng thay th\u1ebf t\u1ea5t c\u1ea3 c\u00e1c lo\u1ea1i \u1ed1ng h\u00fat nh\u00e2n t\u1ea1o c\u00f9ng k\u00edch th\u01b0\u1edbc tr\u00ean th\u1ecb tr\u01b0\u1eddng<\/span><\/p>\n","protected":false},"featured_media":211,"comment_status":"open","ping_status":"closed","template":"","meta":[],"product_cat":[32],"product_tag":[33,34,35],"_links":{"self":[{"href":"https:\/\/ecofriendly.vn\/vi\/wp-json\/wp\/v2\/product\/139"}],"collection":[{"href":"https:\/\/ecofriendly.vn\/vi\/wp-json\/wp\/v2\/product"}],"about":[{"href":"https:\/\/ecofriendly.vn\/vi\/wp-json\/wp\/v2\/types\/product"}],"replies":[{"embeddable":true,"href":"https:\/\/ecofriendly.vn\/vi\/wp-json\/wp\/v2\/comments?post=139"}],"wp:featuredmedia":[{"embeddable":true,"href":"https:\/\/ecofriendly.vn\/vi\/wp-json\/wp\/v2\/media\/211"}],"wp:attachment":[{"href":"https:\/\/ecofriendly.vn\/vi\/wp-json\/wp\/v2\/media?parent=139"}],"wp:term":[{"taxonomy":"product_cat","embeddable":true,"href":"https:\/\/ecofriendly.vn\/vi\/wp-json\/wp\/v2\/product_cat?post=139"},{"taxonomy":"product_tag","embeddable":true,"href":"https:\/\/ecofriendly.vn\/vi\/wp-json\/wp\/v2\/product_tag?post=139"}],"curies":[{"name":"wp","href":"https:\/\/api.w.org\/{rel}","templated":true}]}}