{"id":137,"date":"2021-05-27T12:07:26","date_gmt":"2021-05-27T05:07:26","guid":{"rendered":"https:\/\/beta.ecofriendly.vn\/?post_type=product&#038;p=137"},"modified":"2024-08-09T19:39:44","modified_gmt":"2024-08-09T12:39:44","slug":"binh-thuy-tinh-nap-van-go","status":"publish","type":"product","link":"https:\/\/ecofriendly.vn\/vi\/san-pham\/binh-thuy-tinh-nap-van-go\/","title":{"rendered":"B\u00ccNH TH\u1ee6Y TINH N\u1eaeP V\u00c2N G\u1ed6"},"content":{"rendered":"<p><span style=\"color: #000000;\">Ecofriendly.vn cung c\u1ea5p s\u0129 v\u00e0 l\u1ebb\u00a0<strong><em>b\u00ecnh th\u1ee7y tinh<\/em><\/strong><strong><em>\u00a0n\u1eafp v\u00e2n g\u1ed7<\/em><\/strong>, v\u1edbi th\u1ec3 t\u00edch 400ml c\u00e1c b\u1ea1n c\u00f3 th\u1ec3 \u0111\u1ef1ng n\u01b0\u1edbc u\u1ed1ng , n\u01b0\u1edbc \u00e9p , n\u01b0\u1edbc detox , s\u1eefa&#8230; thi\u1ebft k\u1ebf h\u00ecnh tr\u1ee5 ,g\u1ecdn nh\u1eb9 v\u1edbi l\u1edbp v\u1ea3i b\u1ecdc c\u00e1ch nhi\u1ec7t gi\u00fap b\u1ea1n kh\u00f4ng b\u1ecb b\u1ecfng tay ngay c\u1ea3 khi b\u00ecnh \u0111ang \u0111\u1ef1ng n\u01b0\u1edbc n\u00f3ng, d\u1ec5 d\u00e0ng \u0111em theo b\u00ean ng\u01b0\u1eddi khi \u0111i h\u1ecdc,\u0111i l\u00e0m, \u0111i picnic, \u0111i ch\u01a1i, v\u1edbi ch\u1ea5t li\u1ec7u l\u00e0m t\u1eeb th\u1ee7y tinh kh\u00f4ng ch\u00ec v\u00e0 nh\u1ef1a ABS ho\u00e0n to\u00e0n \u0111\u1ea3m b\u1ea3o s\u1ee9c kh\u1ecfe.<\/span><\/p>\n<p>&nbsp;<\/p>\n<p><span style=\"color: #000000;\"><img decoding=\"async\" loading=\"lazy\" class=\"aligncenter\" src=\"https:\/\/quatanganan.com\/uploads\/source\/danhmucsanpham\/binhthuytinh\/27\/bnt271.jpg\" alt=\"\" width=\"670\" height=\"670\" \/><\/span><\/p>\n<p style=\"text-align: center;\"><span style=\"color: #000000;\"><em><strong>B\u00ecnh th\u1ee7y tinh n\u1eafp v\u00e2n g\u1ed7<\/strong><\/em>\u00a0k\u00e8m l\u1edbp v\u1ea3i b\u1ecdc c\u00e1ch nhi\u1ec7t.<\/span><\/p>\n<p>&nbsp;<\/p>\n<p><span style=\"color: #000000;\"><img decoding=\"async\" loading=\"lazy\" class=\"aligncenter\" src=\"https:\/\/quatanganan.com\/uploads\/source\/danhmucsanpham\/binhthuytinh\/27\/bnt277.jpg\" alt=\"\" width=\"670\" height=\"670\" \/><\/span><\/p>\n<p style=\"text-align: center;\"><span style=\"color: #000000;\"><em><strong>B\u00ecnh th\u1ee7y tinh n\u1eafp v\u00e2n g\u1ed7<\/strong><\/em>\u00a0k\u00e8m khay l\u1ecdc tr\u00e0 gi\u00fap b\u1ea1n d\u00f9 \u0111ang \u1edf n\u01a1i \u0111\u00e2u c\u0169ng c\u00f3 th\u1ec3 th\u01b0\u1edfng th\u1ee9c \u0111\u01b0\u1ee3c nh\u1eefng ly tr\u00e0 th\u01a1m ngon.<\/span><\/p>\n<p>&nbsp;<\/p>\n<p><span style=\"color: #000000;\"><img decoding=\"async\" loading=\"lazy\" class=\"aligncenter\" src=\"https:\/\/quatanganan.com\/uploads\/source\/danhmucsanpham\/binhthuytinh\/27\/bnt273.jpg\" alt=\"\" width=\"670\" height=\"670\" \/><\/span><\/p>\n<p style=\"text-align: center;\"><span style=\"color: #000000;\"><em><strong>B\u00ecnh th\u1ee7y tinh n\u1eafp v\u00e2n g\u1ed7<\/strong><\/em>\u00a0v\u1edbi c\u00e1c m\u00e0u v\u1ea3i b\u1ecdc tinh t\u1ebf.<\/span><\/p>\n","protected":false},"excerpt":{"rendered":"<p><span style=\"color: #000000;\"><strong>B\u00ecnh th\u1ee7y tinh n\u1eafp v\u00e2n g\u1ed7 v\u1edbi thi\u1ebft k\u1ebf 2 l\u1edbp th\u1ee7y tinh borosilicate , n\u1eafp \u0111\u1eady b\u1eb1ng nh\u1ef1a h\u1ecda ti\u1ebft v\u00e2n g\u1ed7 c\u00f3 k\u00e8m khay l\u1ecdc tr\u00e0, v\u00e0 l\u1edbp v\u1ea3i b\u1ecdc c\u00e1ch nhi\u1ec7t nhi\u1ec1u m\u00e0u tinh t\u1ebf<\/strong><\/span><\/p>\n<p><span style=\"color: #000000;\"><strong>Th\u1ec3 t\u00edch : 400ML.<\/strong><\/span><\/p>\n<p><span style=\"color: #000000;\"><strong>M\u00e0u s\u1eafc : n\u00e2u, x\u00e1m, xanh l\u00e1.<\/strong><\/span><\/p>\n","protected":false},"featured_media":201,"comment_status":"open","ping_status":"closed","template":"","meta":[],"product_cat":[16],"product_tag":[63],"_links":{"self":[{"href":"https:\/\/ecofriendly.vn\/vi\/wp-json\/wp\/v2\/product\/137"}],"collection":[{"href":"https:\/\/ecofriendly.vn\/vi\/wp-json\/wp\/v2\/product"}],"about":[{"href":"https:\/\/ecofriendly.vn\/vi\/wp-json\/wp\/v2\/types\/product"}],"replies":[{"embeddable":true,"href":"https:\/\/ecofriendly.vn\/vi\/wp-json\/wp\/v2\/comments?post=137"}],"wp:featuredmedia":[{"embeddable":true,"href":"https:\/\/ecofriendly.vn\/vi\/wp-json\/wp\/v2\/media\/201"}],"wp:attachment":[{"href":"https:\/\/ecofriendly.vn\/vi\/wp-json\/wp\/v2\/media?parent=137"}],"wp:term":[{"taxonomy":"product_cat","embeddable":true,"href":"https:\/\/ecofriendly.vn\/vi\/wp-json\/wp\/v2\/product_cat?post=137"},{"taxonomy":"product_tag","embeddable":true,"href":"https:\/\/ecofriendly.vn\/vi\/wp-json\/wp\/v2\/product_tag?post=137"}],"curies":[{"name":"wp","href":"https:\/\/api.w.org\/{rel}","templated":true}]}}