{"id":136,"date":"2021-05-27T12:07:26","date_gmt":"2021-05-27T05:07:26","guid":{"rendered":"https:\/\/beta.ecofriendly.vn\/?post_type=product&#038;p=136"},"modified":"2021-05-28T15:12:58","modified_gmt":"2021-05-28T08:12:58","slug":"ly-giu-nhiet-giu-thang-bang-chong-nga-mighty-mug","status":"publish","type":"product","link":"https:\/\/ecofriendly.vn\/vi\/san-pham\/ly-giu-nhiet-giu-thang-bang-chong-nga-mighty-mug\/","title":{"rendered":"LY GI\u1eee NHI\u1ec6T GI\u1eee TH\u0102NG B\u1eb0NG CH\u1ed0NG NG\u00c3 MIGHTY MUG"},"content":{"rendered":"<p><span style=\"color: #000000; font-size: 115%;\">Hi\u1ec7n t\u1ea1i c\u00e1c s\u1ea3n ph\u1ea9m b\u00ecnh gi\u1eef nhi\u1ec7t hay b\u00ecnh u\u1ed1ng th\u00f4ng th\u01b0\u1eddng\u00a0\u0111\u1ec1u mang t\u00ednh ch\u1ea5t \u0111\u01a1n thu\u1ea7n l\u00e0 \u0111\u1ef1ng n\u01b0\u1edbc. C\u1ea5u t\u1ea1o v\u00e0o ch\u1ea5t l\u01b0\u1ee3ng trung b\u00ecnh m\u00e0 gi\u00e1 c\u1ea3 l\u1ea1i kh\u00f4ng h\u1ec1 th\u1ea5p ch\u00fat n\u00e0o.<\/span><\/p>\n<p><span style=\"color: #000000; font-size: 115%;\">Ri\u00eang v\u1edbi\u00a0<em><strong>B\u00ecnh<\/strong><strong>\u00a0gi\u1eef nhi\u1ec7t ch\u1ed1ng \u0111\u1ed5 ng\u00e3<\/strong><\/em>\u00a0\u0111\u01b0\u1ee3c thi\u1ebft k\u1ebf th\u00f4ng minh ph\u00eda d\u01b0\u1edbi \u0111\u00e1y b\u00ecnh ch\u1ed1ng \u0111\u1ed5 ng\u00e3,mang phong c\u00e1ch\u00a0\u00a0th\u1eddi trang\u00a0c\u00f3 kh\u1ea3 n\u0103ng\u00a0gi\u1eef nhi\u1ec7t trong v\u00f2ng 24h.<\/span><\/p>\n<p><span style=\"color: #000000; font-size: 115%;\">V\u1edbi thi\u1ebft k\u1ebf \u0111\u01a1n gi\u1ea3n, tinh t\u1ebf l\u00e0m t\u1eeb nh\u1ef1a c\u00e1ch nhi\u1ec7t b\u00ean trong l\u00e0 inox 304 gi\u00fap \u0111\u1ea3m b\u1ea3o s\u1ee9c kh\u1ecfe c\u1ee7a b\u1ea1n<\/span><\/p>\n<p>&nbsp;<\/p>\n<p><span style=\"color: #000000; font-size: 115%;\">\u0110i\u1ec3m \u0111\u1eb7c bi\u1ec7t c\u1ee7a chi\u1ebfc b\u00ecnh ch\u00ednh l\u00e0 kh\u1ea3 n\u0103ng ch\u1ed1ng ng\u00e3 \u0111\u1ed5 khi v\u00f4 t\u00ecnh \u0111\u1ee5ng v\u00e0o t\u1eeb b\u1ea5t c\u1ee9 h\u01b0\u1edbng n\u00e0o. Tuy nhi\u00ean, khi mu\u1ed1n nh\u1ea5c l\u00ean th\u00ec ch\u1ec9 c\u1ea7n m\u1ed9t \u0111\u1ed9ng t\u00e1c nh\u1eb9 nh\u00e0ng. \u0110\u1ec3 l\u00e0m \u0111\u01b0\u1ee3c \u0111i\u1ec1u \u0111\u00f3, b\u00ecnh gi\u1eef nhi\u1ec7t ch\u1ed1ng \u0111\u1ed7 ng\u00e3 c\u00f3 ph\u1ea7n ch\u00e2n \u0111\u1ebf h\u1ebft s\u1ee9c \u0111\u1eb7c bi\u1ec7t b\u1eb1ng nh\u1ef1a v\u1edbi c\u1ea5u tr\u00fac t\u1ef1 t\u1ea1o ra ch\u00e2n kh\u00f4ng h\u00edt th\u1eb3ng v\u00e0o b\u1ec1 m\u1eb7t \u0111\u1eb7t b\u00ecnh, t\u1eeb \u0111\u00f3 khi b\u1ecb c\u00e1c ngo\u1ea1i l\u1ef1c t\u00e1c \u0111\u1ed9ng v\u00e0o quanh th\u00e2n b\u00ecnh \u1edf ph\u00eda tr\u00ean th\u00ec n\u00f3 v\u1eabn gi\u1eef c\u1ed1 \u0111\u1ecbnh v\u1ecb tr\u00ed, kh\u00e1 th\u00edch h\u1ee3p v\u1edbi b\u1ea1n n\u00e0o s\u1ee3 vi\u1ec7c l\u1ee1 tay \u0111\u1ee5ng l\u00e0m \u0111\u1ed5 n\u01b0\u1edbc ra b\u00e0n l\u00e0m vi\u1ec7c.<\/span><\/p>\n<p>&nbsp;<\/p>\n<p style=\"text-align: center;\"><span style=\"color: #000000; font-size: 115%;\"><img decoding=\"async\" loading=\"lazy\" class=\"aligncenter\" src=\"https:\/\/quatanganan.com\/uploads\/source\/danhmucsanpham\/binhgiunhiet\/bn55\/bn555.jpg\" alt=\"\" width=\"670\" height=\"670\" \/><em><strong>B\u00ecnh gi\u1eef nhi\u1ec7t ch\u1ed1ng \u0111\u1ed5 ng\u00e3<\/strong><\/em>\u00a0b\u00ean trong \u0111\u01b0\u1ee3c l\u00e0m t\u1eeb inox 304 an to\u00e0n s\u1ee9c kh\u1ecfe.<\/span><\/p>\n<p>&nbsp;<\/p>\n<p><span style=\"color: #000000; font-size: 115%;\"><img decoding=\"async\" loading=\"lazy\" class=\"aligncenter\" src=\"https:\/\/quatanganan.com\/uploads\/source\/danhmucsanpham\/binhgiunhiet\/bn55\/bn554.jpg\" alt=\"\" width=\"670\" height=\"670\" \/><\/span><\/p>\n<p>&nbsp;<\/p>\n<p><span style=\"color: #000000; font-size: 115%;\"><img decoding=\"async\" loading=\"lazy\" class=\"aligncenter\" src=\"https:\/\/quatanganan.com\/uploads\/source\/danhmucsanpham\/binhgiunhiet\/bn55\/bn5512.jpg\" alt=\"\" width=\"670\" height=\"670\" \/><\/span><\/p>\n<p style=\"text-align: center;\"><span style=\"color: #000000; font-size: 115%;\"><em><strong>B\u00ecnh<\/strong><strong>\u00a0gi\u1eef nhi\u1ec7t ch\u1ed1ng \u0111\u1ed5 ng\u00e3<\/strong><\/em>\u00a0\u0111\u01b0\u1ee3c thi\u1ebft k\u1ebf th\u00f4ng minh ph\u00eda d\u01b0\u1edbi \u0111\u00e1y b\u00ecnh ch\u1ed1ng \u0111\u1ed5 ng\u00e3.<\/span><\/p>\n<p>&nbsp;<\/p>\n<p><span style=\"color: #000000; font-size: 115%;\"><img decoding=\"async\" loading=\"lazy\" class=\"aligncenter\" src=\"https:\/\/quatanganan.com\/uploads\/source\/danhmucsanpham\/binhgiunhiet\/bn55\/bn557.jpg\" alt=\"\" width=\"670\" height=\"670\" \/><\/span><\/p>\n<p style=\"text-align: center;\"><span style=\"color: #000000; font-size: 115%;\"><em><strong>B\u00ecnh gi\u1eef nhi\u1ec7t ch\u1ed1ng \u0111\u1ed5 ng\u00e3<\/strong><\/em>\u00a0thi\u1ebft k\u1ebf ph\u1ea7n n\u1eafp l\u1eadt m\u1edf m\u1ed9t tay ho\u00e0n h\u1ea3o.<\/span><\/p>\n","protected":false},"excerpt":{"rendered":"<p><span style=\"color: #000000;\"><strong>Thi\u1ebft k\u1ebf th\u00e2n ly b\u1eb1ng inox 201 c\u00e1ch nhi\u1ec7t, b\u00ean trong l\u00e0 inox 304, n\u1eafp l\u1eadt m\u1edf m\u1ed9t tay ho\u00e0n h\u1ea3o \u0111\u1ec3 u\u1ed1ng khi \u0111ang di chuy\u1ec3n. \u0110\u00e1y ly \u0111\u01b0\u1ee3c trang b\u1ecb l\u1edbp nh\u1ef1a h\u00edt ch\u1ed1ng \u0111\u1ed7 ng\u00e3 khi v\u00f4 t\u00ecnh ch\u1ea1m v\u00e0o.<\/strong><\/span><\/p>\n<p><span style=\"color: #000000;\"><strong>Dung t\u00edch: 500ml.<\/strong><\/span><\/p>\n","protected":false},"featured_media":194,"comment_status":"open","ping_status":"closed","template":"","meta":[],"product_cat":[16],"product_tag":[],"_links":{"self":[{"href":"https:\/\/ecofriendly.vn\/vi\/wp-json\/wp\/v2\/product\/136"}],"collection":[{"href":"https:\/\/ecofriendly.vn\/vi\/wp-json\/wp\/v2\/product"}],"about":[{"href":"https:\/\/ecofriendly.vn\/vi\/wp-json\/wp\/v2\/types\/product"}],"replies":[{"embeddable":true,"href":"https:\/\/ecofriendly.vn\/vi\/wp-json\/wp\/v2\/comments?post=136"}],"wp:featuredmedia":[{"embeddable":true,"href":"https:\/\/ecofriendly.vn\/vi\/wp-json\/wp\/v2\/media\/194"}],"wp:attachment":[{"href":"https:\/\/ecofriendly.vn\/vi\/wp-json\/wp\/v2\/media?parent=136"}],"wp:term":[{"taxonomy":"product_cat","embeddable":true,"href":"https:\/\/ecofriendly.vn\/vi\/wp-json\/wp\/v2\/product_cat?post=136"},{"taxonomy":"product_tag","embeddable":true,"href":"https:\/\/ecofriendly.vn\/vi\/wp-json\/wp\/v2\/product_tag?post=136"}],"curies":[{"name":"wp","href":"https:\/\/api.w.org\/{rel}","templated":true}]}}