{"id":135,"date":"2021-05-27T12:07:26","date_gmt":"2021-05-27T05:07:26","guid":{"rendered":"https:\/\/beta.ecofriendly.vn\/?post_type=product&#038;p=135"},"modified":"2021-05-28T15:13:04","modified_gmt":"2021-05-28T08:13:04","slug":"binh-giu-nhiet-delicate-enjoy","status":"publish","type":"product","link":"https:\/\/ecofriendly.vn\/vi\/san-pham\/binh-giu-nhiet-delicate-enjoy\/","title":{"rendered":"B\u00ccNH GI\u1eee NHI\u1ec6T DELICATE ENJOY"},"content":{"rendered":"<h2><span style=\"color: #000000;\">B\u00ccNH GI\u1eee NHI\u1ec6T DELICATE ENJOY<\/span><\/h2>\n<p><span style=\"color: #000000;\">Xu h\u01b0\u1edbng b\u1ea3o v\u1ec7 m\u00f4i tr\u01b0\u1eddng th\u00f4ng qua s\u1eed d\u1ee5ng c\u00e1c s\u1ea3n ph\u1ea9m th\u00e2n thi\u1ec7n v\u00e0 h\u1ea1n ch\u1ebf s\u1eed d\u1ee5ng \u0111\u1ed3 nh\u1ef1a nilon \u0111ang ng\u00e0y c\u00e0ng ph\u00e1t tri\u1ec3n. B\u1ea1n c\u00f2n ch\u1ea7n ch\u1eeb g\u00ec n\u1eefa m\u00e0 kh\u00f4ng s\u1eafm ngay m\u1ed9t chi\u1ebfc b\u00ecnh n\u01b0\u1edbc ti\u1ec7n l\u1ee3i \u0111\u1ec3 h\u1ea1n ch\u1ebf g\u00e2y h\u1ea1i \u0111\u1ebfn m\u00f4i tr\u01b0\u1eddng?\u00a0<\/span><\/p>\n<p><span style=\"color: #000000;\">B\u00ecnh \u0111\u01b0\u1ee3c l\u00e0m t\u1eeb ch\u1ea5t li\u1ec7u inox S304\u00a0c\u00e1ch nhi\u1ec7t, c\u00f3 th\u1ec3 gi\u1eef nhi\u1ec7t l\u00ean \u0111\u1ebfn 12 ti\u1ebfng, thi\u1ebft k\u1ebf nh\u1ecf g\u1ecdn v\u00e0 b\u1eaft m\u1eaft gi\u00fap b\u1ea1n r\u1ea5t ti\u1ec7n l\u1ee3i khi mang \u0111i nh\u00e9.\u00a0<\/span><\/p>\n<p><span style=\"color: #000000;\">Dung t\u00edch: 500ml.\u00a0<\/span><\/p>\n<p>&nbsp;<\/p>\n<p style=\"text-align: center;\"><span style=\"color: #000000;\"><img decoding=\"async\" loading=\"lazy\" class=\"aligncenter\" src=\"https:\/\/quatanganan.com\/uploads\/source\/danhmucsanpham\/binhgiunhiet\/bn46\/bn468.jpg\" alt=\"\" width=\"693\" height=\"693\" \/>B\u00ecnh gi\u1eef nhi\u1ec7t Delicate Enjoy thi\u1ebft k\u1ebf nh\u1ecf g\u1ecdn.<\/span><\/p>\n<p>&nbsp;<\/p>\n<p><span style=\"color: #000000;\"><img decoding=\"async\" loading=\"lazy\" class=\"aligncenter\" src=\"https:\/\/quatanganan.com\/uploads\/source\/danhmucsanpham\/binhgiunhiet\/bn46\/bn465.jpg\" alt=\"\" width=\"693\" height=\"693\" \/><\/span><\/p>\n<p style=\"text-align: center;\"><span style=\"color: #000000;\">B\u00ecnh gi\u1eef nhi\u1ec7t Delicate Enjoy ti\u1ec7n d\u1ee5ng v\u00e0 an to\u00e0n cho s\u1ee9c kh\u1ecfe.<\/span><\/p>\n<p>&nbsp;<\/p>\n<p><span style=\"color: #000000;\"><img decoding=\"async\" loading=\"lazy\" class=\"aligncenter\" src=\"https:\/\/quatanganan.com\/uploads\/source\/danhmucsanpham\/binhgiunhiet\/bn46\/bn466.jpg\" alt=\"\" width=\"693\" height=\"693\" \/><\/span><\/p>\n<p style=\"text-align: center;\"><span style=\"color: #000000;\">B\u00ecnh gi\u1eef nhi\u1ec7t Delicate Enjoy nhi\u1ec1u m\u00e0u s\u1eafc d\u1ec5 th\u01b0\u01a1ng.<\/span><\/p>\n","protected":false},"excerpt":{"rendered":"<ul>\n<li><span style=\"color: #000000;\"><strong>B\u00ecnh gi\u1eef nhi\u1ec7t Delicate Enjoy c\u00f3 4 m\u00e0u s\u1eafc d\u1ec5 th\u01b0\u01a1ng, mang phong c\u00e1ch tr\u1ebb trung, hi\u1ec7n \u0111\u1ea1i.<\/strong><\/span><br \/>\n<span style=\"color: #000000;\"><strong>Ch\u1ea5t li\u1ec7u inox304 an to\u00e0n khi \u0111\u1ef1ng th\u1ef1c ph\u1ea9m.<\/strong><\/span><br \/>\n<span style=\"color: #000000;\"><strong>Dung t\u00edch: 500ml.<\/strong><\/span><\/p>\n<p><span style=\"color: #000000;\"><strong>K\u00edch th\u01b0\u1edbc: 21.5*7cm.<\/strong><\/span><\/li>\n<\/ul>\n","protected":false},"featured_media":188,"comment_status":"open","ping_status":"closed","template":"","meta":[],"product_cat":[16],"product_tag":[],"_links":{"self":[{"href":"https:\/\/ecofriendly.vn\/vi\/wp-json\/wp\/v2\/product\/135"}],"collection":[{"href":"https:\/\/ecofriendly.vn\/vi\/wp-json\/wp\/v2\/product"}],"about":[{"href":"https:\/\/ecofriendly.vn\/vi\/wp-json\/wp\/v2\/types\/product"}],"replies":[{"embeddable":true,"href":"https:\/\/ecofriendly.vn\/vi\/wp-json\/wp\/v2\/comments?post=135"}],"wp:featuredmedia":[{"embeddable":true,"href":"https:\/\/ecofriendly.vn\/vi\/wp-json\/wp\/v2\/media\/188"}],"wp:attachment":[{"href":"https:\/\/ecofriendly.vn\/vi\/wp-json\/wp\/v2\/media?parent=135"}],"wp:term":[{"taxonomy":"product_cat","embeddable":true,"href":"https:\/\/ecofriendly.vn\/vi\/wp-json\/wp\/v2\/product_cat?post=135"},{"taxonomy":"product_tag","embeddable":true,"href":"https:\/\/ecofriendly.vn\/vi\/wp-json\/wp\/v2\/product_tag?post=135"}],"curies":[{"name":"wp","href":"https:\/\/api.w.org\/{rel}","templated":true}]}}