{"id":134,"date":"2021-05-27T12:07:25","date_gmt":"2021-05-27T05:07:25","guid":{"rendered":"https:\/\/beta.ecofriendly.vn\/?post_type=product&#038;p=134"},"modified":"2024-03-01T06:21:27","modified_gmt":"2024-02-29T23:21:27","slug":"ly-giu-nhiet-900-ml","status":"publish","type":"product","link":"https:\/\/ecofriendly.vn\/vi\/san-pham\/ly-giu-nhiet-900-ml\/","title":{"rendered":"Ly gi\u1eef nhi\u1ec7t 900 ml"},"content":{"rendered":"<p><span style=\"color: #000000; font-size: 140%;\">Kh\u1ea3 n\u0103ng c\u00e1ch nhi\u1ec7t: 12 h.<\/span><\/p>\n<p><span style=\"color: #000000; font-size: 140%;\">K\u00edch th\u01b0\u1edbc c\u1ed1c nhi\u1ec7t Yeti: \u0110\u01b0\u1eddng k\u00ednh \u0111\u00e1y 7cm, \u0111\u01b0\u1eddng k\u00ednh mi\u1ec7ng 10 cm, chi\u1ec1u cao 20 cm.<\/span><\/p>\n<p><span style=\"color: #000000; font-size: 140%;\">Th\u1ec3 t\u00edch c\u1ed1c nhi\u1ec7t Yeti: 900 ml ( 30 oz)<\/span><\/p>\n<p><span style=\"color: #000000; font-size: 140%;\">M\u00e0u s\u1eafc: xanh l\u00e1 c\u00e2y, xanh d\u01b0\u01a1ng, v\u00e0ng, tr\u1eafng, \u0111\u1ecf \u0111\u00f4, \u0111\u1ecf t\u01b0\u01a1i&#8230;<\/span><\/p>\n","protected":false},"excerpt":{"rendered":"<p><span style=\"font-size: 110%; color: #000000;\"><strong>Ly gi\u1eef nhi\u1ec7t Yeti b\u1eb1ng th\u00e9p kh\u00f4ng g\u1ec9 dung t\u00edch 900 ml.<\/strong><\/span><\/p>\n<p><span style=\"font-size: 110%; color: #000000;\"><strong>C\u1ea5u t\u1ea1o b\u00ean trong l\u00e0 th\u00e9p 304 v\u00e0 b\u00ean ngo\u00e0i l\u00e0 Inox 201<\/strong><\/span><\/p>\n","protected":false},"featured_media":181,"comment_status":"open","ping_status":"closed","template":"","meta":[],"product_cat":[16],"product_tag":[],"_links":{"self":[{"href":"https:\/\/ecofriendly.vn\/vi\/wp-json\/wp\/v2\/product\/134"}],"collection":[{"href":"https:\/\/ecofriendly.vn\/vi\/wp-json\/wp\/v2\/product"}],"about":[{"href":"https:\/\/ecofriendly.vn\/vi\/wp-json\/wp\/v2\/types\/product"}],"replies":[{"embeddable":true,"href":"https:\/\/ecofriendly.vn\/vi\/wp-json\/wp\/v2\/comments?post=134"}],"wp:featuredmedia":[{"embeddable":true,"href":"https:\/\/ecofriendly.vn\/vi\/wp-json\/wp\/v2\/media\/181"}],"wp:attachment":[{"href":"https:\/\/ecofriendly.vn\/vi\/wp-json\/wp\/v2\/media?parent=134"}],"wp:term":[{"taxonomy":"product_cat","embeddable":true,"href":"https:\/\/ecofriendly.vn\/vi\/wp-json\/wp\/v2\/product_cat?post=134"},{"taxonomy":"product_tag","embeddable":true,"href":"https:\/\/ecofriendly.vn\/vi\/wp-json\/wp\/v2\/product_tag?post=134"}],"curies":[{"name":"wp","href":"https:\/\/api.w.org\/{rel}","templated":true}]}}