{"id":133,"date":"2021-05-27T12:07:25","date_gmt":"2021-05-27T05:07:25","guid":{"rendered":"https:\/\/beta.ecofriendly.vn\/?post_type=product&#038;p=133"},"modified":"2025-07-04T03:55:12","modified_gmt":"2025-07-03T20:55:12","slug":"tui-dung-chai-binh-nuoc-binh-giu-nhiet","status":"publish","type":"product","link":"https:\/\/ecofriendly.vn\/vi\/san-pham\/tui-dung-chai-binh-nuoc-binh-giu-nhiet\/","title":{"rendered":"T\u00fai \u0111\u1ef1ng chai, b\u00ecnh n\u01b0\u1edbc, b\u00ecnh gi\u1eef nhi\u1ec7t"},"content":{"rendered":"<p><span style=\"color: #000000; font-size: 120%;\">T\u1ea1i sao khi ch\u00fang ta x\u00e1ch nh\u1eefng v\u1eadt d\u1ee5ng b\u1eb1ng chai l\u1ecd, thu\u1ef7 tinh , ch\u00fang ta th\u01b0\u1eddng xuy\u00ean e ng\u1ea1i cho chi\u1ebfc t\u00fai kh\u00f4ng ch\u1eafn ch\u1eafn. \u0110i\u1ec1u \u0111\u00f3 \u0111\u00e3 \u0111\u01b0\u1ee3c h\u00ecnh th\u00e0nh trong nh\u1eadn th\u1ee9c c\u1ee7a ch\u00fang ta. Nh\u01b0ng v\u1edbi nh\u1eefng chi\u1ebfc t\u00fai v\u1ea3i th\u00ec ch\u00fang ta l\u1ea1i c\u1ea3m th\u1ea5y y\u00ean t\u00e2m h\u01a1n v\u00e0 ho\u00e0n to\u00e0n kh\u00f4ng lo l\u1eafng nh\u01b0 \u0111\u1ee9t quai , r\u00e1ch \u0111\u00e1y &#8230;.\u0111\u00f3 c\u0169ng ch\u00ednh v\u00ec ch\u1ea5t li\u1ec7u \u0111\u00e3 l\u00e0m cho ch\u00fang ta y\u00ean t\u00e2m h\u01a1n.<\/span><\/p>\n","protected":false},"excerpt":{"rendered":"<p><span style=\"color: #000000;\"><strong>Nh\u1eefng l\u1ee3i \u00edch khi d\u00f9ng:<\/strong><\/span><br \/>\n<span style=\"color: #000000;\"><strong>Th\u1eddi gian s\u1eed d\u1ee5ng b\u1ec1n l\u00e2u<\/strong><\/span><br \/>\n<span style=\"color: #000000;\"><strong>S\u1eed d\u1ee5ng ti\u1ec7n l\u1ee3i khi di chuy\u1ec3n<br \/>\nH\u1ea1n ch\u1ebf s\u1eed d\u1ee5ng t\u00fai nh\u1ef1a g\u00e2y h\u1ea1i m\u00f4i tr\u01b0\u1eddng<br \/>\nGi\u00e1\/ Mua h\u00e0ng: 0703010693<br \/>\nXin c\u1ea3m \u01a1n<\/strong><\/span><\/p>\n","protected":false},"featured_media":179,"comment_status":"open","ping_status":"closed","template":"","meta":[],"product_cat":[16],"product_tag":[64,65,66],"_links":{"self":[{"href":"https:\/\/ecofriendly.vn\/vi\/wp-json\/wp\/v2\/product\/133"}],"collection":[{"href":"https:\/\/ecofriendly.vn\/vi\/wp-json\/wp\/v2\/product"}],"about":[{"href":"https:\/\/ecofriendly.vn\/vi\/wp-json\/wp\/v2\/types\/product"}],"replies":[{"embeddable":true,"href":"https:\/\/ecofriendly.vn\/vi\/wp-json\/wp\/v2\/comments?post=133"}],"wp:featuredmedia":[{"embeddable":true,"href":"https:\/\/ecofriendly.vn\/vi\/wp-json\/wp\/v2\/media\/179"}],"wp:attachment":[{"href":"https:\/\/ecofriendly.vn\/vi\/wp-json\/wp\/v2\/media?parent=133"}],"wp:term":[{"taxonomy":"product_cat","embeddable":true,"href":"https:\/\/ecofriendly.vn\/vi\/wp-json\/wp\/v2\/product_cat?post=133"},{"taxonomy":"product_tag","embeddable":true,"href":"https:\/\/ecofriendly.vn\/vi\/wp-json\/wp\/v2\/product_tag?post=133"}],"curies":[{"name":"wp","href":"https:\/\/api.w.org\/{rel}","templated":true}]}}