{"id":132,"date":"2021-05-27T12:07:25","date_gmt":"2021-05-27T05:07:25","guid":{"rendered":"https:\/\/beta.ecofriendly.vn\/?post_type=product&#038;p=132"},"modified":"2021-05-28T15:13:21","modified_gmt":"2021-05-28T08:13:21","slug":"gio-dung-do-dark-light","status":"publish","type":"product","link":"https:\/\/ecofriendly.vn\/vi\/san-pham\/gio-dung-do-dark-light\/","title":{"rendered":"GI\u1ece \u0110\u1ef0NG \u0110\u1ed2 DARK LIGHT"},"content":{"rendered":"<p><span style=\"color: #000000;\">Th\u1ec3 hi\u1ec7n t\u00ecnh y\u00eau cho ng\u01b0\u1eddi ph\u1ee5 n\u1eef gia \u0111\u00ecnh b\u1ea1n. H\u00e3y l\u00e0m cho ng\u00e0y n\u1ed9i tr\u1ee3 c\u1ee7a b\u1ea1n kh\u00f4ng nh\u00e0m ch\u00e1n, v\u1edbi nh\u1eefng slogan tr\u00ean t\u00fai, gi\u1ecf gi\u1eb7t d\u1ec5 th\u01b0\u01a1ng, sang tr\u1ecdng. Ch\u1ea5t li\u1ec7u d\u00e0y d\u1eb7n, kh\u00f4ng th\u1ea5m.<\/span><\/p>\n<p><span style=\"color: #000000;\">gi\u1ecf \u0111\u01b0\u1ee3c chia l\u00e0m 2 ho\u1eb7c 3 ng\u0103n gi\u00fap ph\u00e2n chia \u0111\u1ed3 d\u1ec5 d\u00e0ng.<\/span><\/p>\n<p><span style=\"color: #000000;\">Ecofriendly.vn cung c\u1ea5p\u00a0s\u1ec9 v\u00e0 l\u1ebb gi\u1ecf \u0111\u1ef1ng \u0111\u1ed3\u00a0x\u1ebfp g\u1ea5p v\u1edbi gi\u00e1 t\u1ed1t nh\u1ea5t th\u1ecb tr\u01b0\u1eddng, ch\u1ea5t l\u01b0\u1ee3ng \u0111\u1ea3m b\u1ea3o theo y\u00eau c\u1ea7u c\u1ee7a qu\u00fd kh\u00e1ch h\u00e0ng.<\/span><\/p>\n<p>&nbsp;<\/p>\n<p><span style=\"color: #000000;\"><img decoding=\"async\" loading=\"lazy\" class=\"aligncenter\" src=\"https:\/\/quatanganan.com\/uploads\/source\/danhmucsanpham\/tuicanvas\/tcv20\/tcv201.jpg\" alt=\"\" width=\"693\" height=\"693\" \/><\/span><\/p>\n<p style=\"text-align: center;\"><span style=\"color: #000000;\">Gi\u1ecf \u0111\u1ef1ng \u0111\u1ed3 dark light thi\u1ebft k\u1ebf tinh t\u1ebf, m\u00e0u s\u1eafc nh\u00e3 nh\u1eb7n.<\/span><\/p>\n","protected":false},"excerpt":{"rendered":"<p><span style=\"color: #000000;\"><strong>Ch\u1ea5t li\u1ec7u d\u00e0y d\u1eb7n, kh\u00f4ng th\u1ea5m.<\/strong><\/span><\/p>\n<p><span style=\"color: #000000;\"><strong>C\u00f3 th\u1ec3 g\u1ea5p g\u1ecdn l\u1ea1i khi kh\u00f4ng d\u00f9ng \u0111\u1ebfn.<\/strong><\/span><\/p>\n<p><span style=\"color: #000000;\"><strong>V\u00f4 c\u00f9ng ti\u1ec7n l\u1ee3i, gi\u00fap nh\u00e0 c\u1eeda g\u1ecdn g\u00e0ng h\u01a1n.<\/strong><\/span><\/p>\n","protected":false},"featured_media":174,"comment_status":"open","ping_status":"closed","template":"","meta":[],"product_cat":[16],"product_tag":[67,68],"_links":{"self":[{"href":"https:\/\/ecofriendly.vn\/vi\/wp-json\/wp\/v2\/product\/132"}],"collection":[{"href":"https:\/\/ecofriendly.vn\/vi\/wp-json\/wp\/v2\/product"}],"about":[{"href":"https:\/\/ecofriendly.vn\/vi\/wp-json\/wp\/v2\/types\/product"}],"replies":[{"embeddable":true,"href":"https:\/\/ecofriendly.vn\/vi\/wp-json\/wp\/v2\/comments?post=132"}],"wp:featuredmedia":[{"embeddable":true,"href":"https:\/\/ecofriendly.vn\/vi\/wp-json\/wp\/v2\/media\/174"}],"wp:attachment":[{"href":"https:\/\/ecofriendly.vn\/vi\/wp-json\/wp\/v2\/media?parent=132"}],"wp:term":[{"taxonomy":"product_cat","embeddable":true,"href":"https:\/\/ecofriendly.vn\/vi\/wp-json\/wp\/v2\/product_cat?post=132"},{"taxonomy":"product_tag","embeddable":true,"href":"https:\/\/ecofriendly.vn\/vi\/wp-json\/wp\/v2\/product_tag?post=132"}],"curies":[{"name":"wp","href":"https:\/\/api.w.org\/{rel}","templated":true}]}}