{"id":131,"date":"2021-05-27T12:07:25","date_gmt":"2021-05-27T05:07:25","guid":{"rendered":"https:\/\/beta.ecofriendly.vn\/?post_type=product&#038;p=131"},"modified":"2021-05-28T15:13:28","modified_gmt":"2021-05-28T08:13:28","slug":"tui-dung-giu-nhiet","status":"publish","type":"product","link":"https:\/\/ecofriendly.vn\/vi\/san-pham\/tui-dung-giu-nhiet\/","title":{"rendered":"T\u00daI \u0110\u1ef0NG GI\u1eee NHI\u1ec6T"},"content":{"rendered":"<p><span style=\"font-size: 110%; color: #000000;\">L\u00e0m th\u1ebf n\u00e0o \u0111\u1ec3 gi\u1eef l\u1ea1nh nh\u1eefng chai n\u01b0\u1edbc trong th\u1eddi gian d\u00e0i n\u1ebfu \u0111i ch\u01a1i xa, hay gi\u1eef \u1ea5m h\u1ed9p c\u01a1m tr\u01b0a v\u0103n ph\u00f2ng? C\u00e2u tr\u1ea3 l\u1eddi \u0111\u00f3 l\u00e0 b\u1ea1n c\u00f3 th\u1ec3 \u201cnh\u1edd\u201d t\u1edbi nh\u1eefng chi\u1ebfc T\u00fai \u0111\u1ef1ng h\u1ed9p c\u01a1m gi\u1eef nhi\u1ec7t . V\u1edbi t\u00fai gi\u1eef nhi\u1ec7t d\u01b0\u1edbi \u0111\u00e2y, b\u1ea1n ho\u00e0n to\u00e0n c\u00f3 th\u1ec3 th\u01b0\u1edfng th\u1ee9c \u0111\u1ed3 u\u1ed1ng m\u00e1t v\u00e0 nh\u1eefng h\u1ed9p \u0111\u1ed3 \u0103n \u1ea5m n\u00f3ng khi t\u1edbi v\u0103n ph\u00f2ng, \u0111i h\u1ecdc hay \u0111i ch\u01a1i. T\u00fai \u0111\u1ef1ng h\u1ed9p c\u01a1m gi\u1eef nhi\u1ec7t thi\u1ebft k\u1ebf th\u00f4ng minh v\u00e0 ti\u1ec7n d\u1ee5ng c\u00f3 kho\u00e1 \u0111\u1ef1ng h\u1ed9p c\u01a1m v\u1edbi thi\u1ebft k\u1ebf v\u1edbi m\u00e0u s\u1eafc tr\u1ebb trung, ti\u1ec7n d\u1ee5ng, nh\u1ecf g\u1ecdn, c\u00f3 quai x\u00e1ch ch\u1eafc ch\u1eafn gi\u00fap b\u1ea1n gi\u1eef nhi\u1ec7t nh\u1eefng m\u00f3n \u0111\u1ed3 b\u00ean trong t\u00fai. \u0110\u1eb7c \u0111i\u1ec3m n\u1ed5i b\u1eadt c\u1ee7a t\u00fai \u0111\u1ef1ng h\u1ed9p c\u01a1m gi\u1eef nhi\u1ec7t\u00a0 :<\/span><\/p>\n<p><span style=\"font-size: 110%; color: #000000;\">\u2013 V\u1edbi thi\u1ebft k\u1ebf th\u00f4ng minh, ti\u1ec7n d\u1ee5ng, nh\u1ecf g\u1ecdn th\u00edch h\u1ee3p v\u1edbi nh\u00e2n vi\u00ean c\u00f4ng s\u1edf b\u1eadn r\u1ed9n, h\u1ecdc sinh, nh\u1eefng b\u00e0 m\u1eb9 c\u00f3 con nh\u1ecf,\u2026.<\/span><\/p>\n<p><span style=\"font-size: 110%; color: #000000;\">\u2013 T\u00fai c\u00f3 ng\u0103n r\u1ed9ng r\u00e3i , b\u00ean trong c\u00f3 l\u1edb gi\u1ea5y b\u1ea1c gi\u00fap gi\u1eef nhi\u1ec7t \u0111\u1ed9 th\u1ef1c ph\u1ea9m t\u1ed1t, c\u00f3 th\u1ec3 \u0111\u1ef1ng n\u01b0\u1edbc, th\u1ef1c ph\u1ea9m, s\u1eefa v\u00e0 ch\u00e1o cho em b\u00e9\u2026.<\/span><\/p>\n<p><span style=\"font-size: 110%; color: #000000;\">\u2013 Mi\u1ec7ng t\u00fai c\u00f3 kh\u00f3a d\u00e1n ch\u1eafn ch\u1eafn, k\u00e8m theo quai x\u00e1ch c\u00e1ch \u0111i\u1ec7u v\u00f4 c\u00f9ng ti\u1ec7n l\u1ee3i cho b\u1ea1n di chuy\u1ec3n.<\/span><\/p>\n<p><span style=\"font-size: 110%; color: #000000;\">\u2013 Ch\u1ea5t li\u1ec7u th\u00f4ng tho\u00e1ng, mau kh\u00f4, ch\u1ed1ng th\u1ea5m t\u1ed1t, t\u00fai d\u1ec5 d\u00e0ng \u0111\u01b0\u1ee3c lau s\u1ea1ch n\u1ebfu c\u00f3 b\u1ecb day th\u1ee9c \u0103n m\u00e0 kh\u00f4ng lo b\u1ecb \u00e1m m\u00f9i.<\/span><\/p>\n<p><span style=\"font-size: 110%; color: #000000;\">\u2013 T\u00fai d\u00e0y d\u1eb7n gi\u00fap b\u1ea1n \u0111\u1ec3 \u0111\u01b0\u1ee3c nh\u1eefng \u0111\u1ed3 n\u1eb7ng m\u00e0 kh\u00f4ng s\u1ee3 r\u01a1i v\u1ee1.<\/span><\/p>\n<p><span style=\"font-size: 110%; color: #000000;\">Th\u00f4ng tin s\u1ea3n ph\u1ea9m : K\u00edch th\u01b0\u1edbc: 20cm x 16.5cm x 26cm<\/span><\/p>\n<p>&nbsp;<\/p>\n<p><span style=\"font-size: 110%; color: #000000;\"><img decoding=\"async\" loading=\"lazy\" class=\"aligncenter\" src=\"https:\/\/quatanganan.com\/uploads\/source\/danhmucsanpham\/tuicanvas\/tcv19\/tcv197.jpg\" alt=\"\" width=\"693\" height=\"693\" \/><\/span><\/p>\n<p style=\"text-align: center;\"><span style=\"font-size: 110%; color: #000000;\">Mi\u1ec7ng t\u00fai c\u00f3 kh\u00f3a d\u00e1n ch\u1eafn ch\u1eafn, k\u00e8m theo quai x\u00e1ch c\u00e1ch \u0111i\u1ec7u v\u00f4 c\u00f9ng ti\u1ec7n l\u1ee3i cho b\u1ea1n di chuy\u1ec3n<\/span><\/p>\n<p>&nbsp;<\/p>\n<p><span style=\"font-size: 110%; color: #000000;\"><img decoding=\"async\" loading=\"lazy\" class=\"aligncenter\" src=\"https:\/\/quatanganan.com\/uploads\/source\/danhmucsanpham\/tuicanvas\/tcv19\/tcv198.jpg\" alt=\"\" width=\"693\" height=\"693\" \/><\/span><\/p>\n<p style=\"text-align: center;\"><span style=\"font-size: 110%; color: #000000;\">T\u00fai c\u00f3 ng\u0103n r\u1ed9ng r\u00e3i , b\u00ean trong c\u00f3 l\u1edb gi\u1ea5y b\u1ea1c gi\u00fap gi\u1eef nhi\u1ec7t \u0111\u1ed9 th\u1ef1c ph\u1ea9m t\u1ed1t<\/span><\/p>\n<p>&nbsp;<\/p>\n<p><span style=\"font-size: 110%; color: #000000;\"><img decoding=\"async\" loading=\"lazy\" class=\"aligncenter\" src=\"https:\/\/quatanganan.com\/uploads\/source\/danhmucsanpham\/tuicanvas\/tcv19\/tcv193_1.jpg\" alt=\"\" width=\"693\" height=\"693\" \/><\/span><\/p>\n<p style=\"text-align: center;\"><span style=\"font-size: 110%; color: #000000;\">K\u00edch th\u01b0\u1edbc: 20cm x 16.5cm x 26cm<\/span><\/p>\n","protected":false},"excerpt":{"rendered":"<p><span style=\"font-size: 110%; color: #000000;\"><strong>Gi\u00fap b\u1ea1n gi\u1eef \u0111\u01b0\u1ee3c \u0111\u1ed9 n\u00f3ng\/ l\u1ea1nh c\u1ee7a th\u1ef1c ph\u1ea9m hi\u1ec7u qu\u1ea3 nh\u1ea5t.<\/strong><\/span><\/p>\n<p><span style=\"font-size: 110%; color: #000000;\"><strong>Thi\u1ebft k\u1ebf th\u00f4ng minh, ti\u1ec7n d\u1ee5ng, nh\u1ecf g\u1ecdn th\u00edch h\u1ee3p v\u1edbi nh\u00e2n vi\u00ean c\u00f4ng s\u1edf b\u1eadn r\u1ed9n, h\u1ecdc sinh, nh\u1eefng b\u00e0 m\u1eb9 c\u00f3 con nh\u1ecf,&#8230;.<\/strong><\/span><\/p>\n<p><span style=\"font-size: 110%; color: #000000;\"><strong>T\u00fai c\u00f3 ng\u0103n r\u1ed9ng r\u00e3i , b\u00ean trong c\u00f3 l\u1edb gi\u1ea5y b\u1ea1c gi\u00fap gi\u1eef nhi\u1ec7t \u0111\u1ed9 th\u1ef1c ph\u1ea9m t\u1ed1t, c\u00f3 th\u1ec3 \u0111\u1ef1ng n\u01b0\u1edbc, th\u1ef1c ph\u1ea9m, s\u1eefa v\u00e0 ch\u00e1o cho em b\u00e9&#8230;.<\/strong><\/span><\/p>\n<p><span style=\"font-size: 110%; color: #000000;\"><strong>T\u00fai c\u00f3 quai x\u00e1ch c\u00e1ch \u0111i\u1ec7u v\u00f4 c\u00f9ng ti\u1ec7n l\u1ee3i cho b\u1ea1n di chuy\u1ec3n.<\/strong><\/span><\/p>\n<p><span style=\"font-size: 110%; color: #000000;\"><strong>K\u00edch th\u01b0\u1edbc t\u00fai: 20*16.5*26 cm.<br \/>\nMua h\u00e0ng: 0703010693<br \/>\nXin C\u1ea3m \u01a0n<\/strong><\/span><\/p>\n","protected":false},"featured_media":161,"comment_status":"open","ping_status":"closed","template":"","meta":[],"product_cat":[16],"product_tag":[69],"_links":{"self":[{"href":"https:\/\/ecofriendly.vn\/vi\/wp-json\/wp\/v2\/product\/131"}],"collection":[{"href":"https:\/\/ecofriendly.vn\/vi\/wp-json\/wp\/v2\/product"}],"about":[{"href":"https:\/\/ecofriendly.vn\/vi\/wp-json\/wp\/v2\/types\/product"}],"replies":[{"embeddable":true,"href":"https:\/\/ecofriendly.vn\/vi\/wp-json\/wp\/v2\/comments?post=131"}],"wp:featuredmedia":[{"embeddable":true,"href":"https:\/\/ecofriendly.vn\/vi\/wp-json\/wp\/v2\/media\/161"}],"wp:attachment":[{"href":"https:\/\/ecofriendly.vn\/vi\/wp-json\/wp\/v2\/media?parent=131"}],"wp:term":[{"taxonomy":"product_cat","embeddable":true,"href":"https:\/\/ecofriendly.vn\/vi\/wp-json\/wp\/v2\/product_cat?post=131"},{"taxonomy":"product_tag","embeddable":true,"href":"https:\/\/ecofriendly.vn\/vi\/wp-json\/wp\/v2\/product_tag?post=131"}],"curies":[{"name":"wp","href":"https:\/\/api.w.org\/{rel}","templated":true}]}}