{"id":130,"date":"2021-05-27T12:07:24","date_gmt":"2021-05-27T05:07:24","guid":{"rendered":"https:\/\/beta.ecofriendly.vn\/?post_type=product&#038;p=130"},"modified":"2025-03-22T22:57:41","modified_gmt":"2025-03-22T15:57:41","slug":"tui-canvas-whiterm-phoi-da-phong-cach-han-quoc","status":"publish","type":"product","link":"https:\/\/ecofriendly.vn\/vi\/san-pham\/tui-canvas-whiterm-phoi-da-phong-cach-han-quoc\/","title":{"rendered":"T\u00fai Canvas Whiterm ph\u1ed1i da phong c\u00e1ch H\u00e0n Qu\u1ed1c"},"content":{"rendered":"<p><span style=\"color: #000000; font-size: 120%;\">T\u00daI CANVAS WHITERM PH\u1ed0I D\u00c2Y DA PHONG C\u00c1CH H\u00c0N QU\u1ed0C<\/span><\/p>\n<p><span style=\"color: #000000; font-size: 120%;\">T\u00fai v\u1ea3i canvas, th\u00e2n thi\u1ec7n v\u1edbi m\u00f4i tr\u01b0\u1eddng v\u00e0 \u0111\u1eb7c bi\u1ec7t l\u00e0 d\u1ec5 ph\u1ed1i \u0111\u1ed3 theo phong c\u00e1ch c\u00e1 t\u00ednh. T\u00fai g\u1ed3m m\u1ed9t ng\u0103n l\u1edbn v\u00e0 m\u1ed9t t\u00fai nh\u1ecf k\u00e8m theo \u0111\u1ef1ng v\u1eadt d\u1ee5ng ti\u1ec7n l\u1ee3i m\u00e0 v\u1eabn th\u1eddi trang v\u00e0 phong c\u00e1ch. Ngo\u00e0i ra t\u00fai canvas Whiterm quai da n\u00e0y c\u00f2n \u0111\u01b0\u1ee3c xem l\u00e0 m\u1ed9t trong nh\u1eefng gi\u1ea3i ph\u00e1p marketing qu\u1ea3ng c\u00e1o ti\u1ebft ki\u1ec7m chi ph\u00ed mang l\u1ea1i hi\u1ec7u qu\u1ea3 t\u1ed1i \u01b0u cho c\u00e1c doanh nghi\u1ec7p v\u00e0 th\u01b0\u01a1ng hi\u1ec7u.<\/span><\/p>\n<p><span style=\"color: #000000; font-size: 120%;\"><em><strong>Tu\u0301i canvas whiterm ph\u1ed1i d\u00e2y da phong c\u00e1ch h\u00e0n qu\u1ed1c<\/strong><\/em>\u00a0\u0111ang ta\u0323o l\u00ean c\u01a1n s\u00f4\u0301t trong li\u0303nh v\u01b0\u0323c th\u01a1\u0300i trang phu\u0323 ki\u00ea\u0323n \u0111\u01b0\u1ee3c nhi\u1ec1u b\u1ea1n tr\u1ebb y\u00eau th\u00edch. V\u1edbi m\u1eabu t\u00fai n\u00e0y, b\u1ea1n c\u00f3 th\u1ec3 mang \u0111i ch\u01a1i, \u0111i t\u1eadp, \u0111i ph\u01b0\u1ee3t,\u2026 v\u1eeba ti\u1ec7n d\u1ee5ng v\u1eeba th\u1ec3 hi\u1ec7n \u0111\u01b0\u1ee3c phong c\u00e1ch, c\u00e1 t\u00ednh, ph\u00f9 h\u1ee3p v\u1edbi m\u1ecdi l\u1ee9a tu\u1ed5i. Nh\u1eefng chi\u1ebfc t\u00fai quai d\u00e2y da b\u1eb1ng v\u1ea3i canvas \u0111\u01a1n gi\u1ea3n gi\u00fap ph\u1ed1i \u0111\u1ed3 \u0111a phong c\u00e1ch v\u1edbi nh\u1eefng trang ph\u1ee5c n\u0103ng \u0111\u1ed9ng nh\u01b0 qu\u1ea7n jeans, \u00e1o thun ph\u00f4ng, \u00e1o kho\u1eafc da, qu\u1ea7n l\u1eedng kaki\u2026<\/span><\/p>\n<p>&nbsp;<\/p>\n<p style=\"text-align: center;\"><span style=\"color: #000000; font-size: 120%;\"><img decoding=\"async\" loading=\"lazy\" class=\"aligncenter\" src=\"https:\/\/quatanganan.com\/uploads\/source\/san-pham\/tuivaicanvas\/tcv35\/tcv353.jpg\" alt=\"\" width=\"690\" height=\"690\" \/><em><strong>T\u00fai canvas Whiterm<\/strong><\/em>\u00a0c\u00f3 1 t\u00fai nh\u1ecf k\u00e8m theo gi\u00fap b\u1ea1n \u0111\u1ec3 c\u00e1c v\u1eadt d\u1ee5ng nh\u1ecf d\u1ec5 t\u00ecm ki\u1ebfm.<\/span><\/p>\n<p>&nbsp;<\/p>\n<p><span style=\"color: #000000; font-size: 120%;\"><img decoding=\"async\" loading=\"lazy\" class=\"aligncenter\" src=\"https:\/\/quatanganan.com\/uploads\/source\/san-pham\/tuivaicanvas\/tcv35\/tcv352.jpg\" alt=\"\" width=\"690\" height=\"690\" \/><\/span><\/p>\n<p style=\"text-align: center;\"><span style=\"color: #000000; font-size: 120%;\"><em><strong>T\u00fai canvas Whiterm<\/strong><\/em>\u00a0ph\u1ed1i d\u00e2y da c\u00f3 2 m\u00e0u \u0111en ho\u1eb7c n\u00e2u.<\/span><\/p>\n<p>&nbsp;<\/p>\n<p><span style=\"color: #000000; font-size: 120%;\"><img decoding=\"async\" loading=\"lazy\" class=\"aligncenter\" src=\"https:\/\/quatanganan.com\/uploads\/source\/san-pham\/tuivaicanvas\/tcv35\/tcv359.jpg\" alt=\"\" width=\"690\" height=\"690\" \/><\/span><\/p>\n<p style=\"text-align: center;\"><span style=\"color: #000000; font-size: 120%;\"><em><strong>T\u00fai canvas Whiterm<\/strong><\/em>\u00a0c\u1ef1c s\u00e0nh \u0111i\u1ec7u v\u00e0 th\u1eddi trang.<\/span><\/p>\n","protected":false},"excerpt":{"rendered":"<p><span style=\"color: #000000;\"><strong>\u00fai canvas \u0111\u01a1n gi\u1ea3n ph\u1ed1i d\u00e2y da phong c\u00e1ch h\u00e0n qu\u1ed1c ph\u00f9 h\u1ee3p \u0111i l\u00e0m, \u0111i ch\u01a1i, \u0111i du l\u1ecbch&#8230;<\/strong><\/span><\/p>\n<p><span style=\"color: #000000;\"><strong>Ch\u1ea5t li\u1ec7u : v\u1ea3i canvas &#8211; d\u00e2y \u0111eo: d\u00e2y da.<\/strong><\/span><\/p>\n<p><span style=\"color: #000000;\"><strong>K\u00edch th\u01b0\u1edbc : 30*35*14cm.<\/strong><\/span><\/p>\n<p><span style=\"color: #000000;\"><strong>Tr\u1ecdng l\u01b0\u1ee3ng : 0.25kg.<\/strong><\/span><\/p>\n","protected":false},"featured_media":154,"comment_status":"open","ping_status":"closed","template":"","meta":[],"product_cat":[16],"product_tag":[57],"_links":{"self":[{"href":"https:\/\/ecofriendly.vn\/vi\/wp-json\/wp\/v2\/product\/130"}],"collection":[{"href":"https:\/\/ecofriendly.vn\/vi\/wp-json\/wp\/v2\/product"}],"about":[{"href":"https:\/\/ecofriendly.vn\/vi\/wp-json\/wp\/v2\/types\/product"}],"replies":[{"embeddable":true,"href":"https:\/\/ecofriendly.vn\/vi\/wp-json\/wp\/v2\/comments?post=130"}],"wp:featuredmedia":[{"embeddable":true,"href":"https:\/\/ecofriendly.vn\/vi\/wp-json\/wp\/v2\/media\/154"}],"wp:attachment":[{"href":"https:\/\/ecofriendly.vn\/vi\/wp-json\/wp\/v2\/media?parent=130"}],"wp:term":[{"taxonomy":"product_cat","embeddable":true,"href":"https:\/\/ecofriendly.vn\/vi\/wp-json\/wp\/v2\/product_cat?post=130"},{"taxonomy":"product_tag","embeddable":true,"href":"https:\/\/ecofriendly.vn\/vi\/wp-json\/wp\/v2\/product_tag?post=130"}],"curies":[{"name":"wp","href":"https:\/\/api.w.org\/{rel}","templated":true}]}}