{"id":1091,"date":"2021-05-07T02:03:30","date_gmt":"2021-05-07T02:03:30","guid":{"rendered":"https:\/\/ecofriendly.vn\/contact\/"},"modified":"2021-06-04T02:33:43","modified_gmt":"2021-06-03T19:33:43","slug":"lien-he","status":"publish","type":"page","link":"https:\/\/ecofriendly.vn\/vi\/lien-he\/","title":{"rendered":"Li\u00ean h\u1ec7"},"content":{"rendered":"\t<section class=\"section dark\" id=\"section_1892619684\">\n\t\t<div class=\"bg section-bg fill bg-fill  \" >\n\n\t\t\t\n\t\t\t<div class=\"section-bg-overlay absolute fill\"><\/div>\n\t\t\t\n\n\t\t<\/div>\n\n\t\t\n\n\t\t<div class=\"section-content relative\">\n\t\t\t\n<div class=\"row row-collapse\"  id=\"row-179596288\">\n\n\t<div id=\"col-1191137853\" class=\"col small-12 large-12\"  >\n\t\t\t\t<div class=\"col-inner text-center\"  >\n\t\t\t\n\t\t\t\n\t<div id=\"text-268175529\" class=\"text\">\n\t\t\n<h1 class=\"uppercase\"><span style=\"font-size: 150%;\"><strong>LI\u00caN H\u1ec6<\/strong><\/span><\/h1>\n<h3><span style=\"font-size: 150%;\">Ch\u00fang t\u00f4i lu\u00f4n \u0111\u1ee9ng sau s\u1ef1 th\u00e0nh c\u00f4ng c\u1ee7a b\u1ea1n!<\/span><\/h3>\n\t\t\n<style>\n#text-268175529 {\n  text-align: center;\n}\n<\/style>\n\t<\/div>\n\t\n<a href=\"#contact-now\" target=\"_self\" class=\"button white is-outline\"  style=\"border-radius:7px;\">\n    <span>li\u00ean l\u1ea1c<\/span>\n  <i class=\"icon-user-o\" aria-hidden=\"true\" ><\/i><\/a>\n\n\t\t<\/div>\n\t\t\t\t\t<\/div>\n\n\t\n<\/div>\n\t\t<\/div>\n\n\t\t\n<style>\n#section_1892619684 {\n  padding-top: 100px;\n  padding-bottom: 100px;\n}\n#section_1892619684 .section-bg-overlay {\n  background-color: rgba(0, 51, 0, 0.5);\n}\n#section_1892619684 .section-bg.bg-loaded {\n  background-image: url(https:\/\/ecofriendly.vn\/wp-content\/uploads\/2021\/06\/nong-dan-trong-co.jpg);\n}\n#section_1892619684 .section-bg {\n  background-position: 45% 21%;\n}\n#section_1892619684 .ux-shape-divider--top svg {\n  height: 150px;\n  --divider-top-width: 100%;\n}\n#section_1892619684 .ux-shape-divider--bottom svg {\n  height: 150px;\n  --divider-width: 100%;\n}\n<\/style>\n\t<\/section>\n\t\n\t<section class=\"section\" id=\"section_1329208852\">\n\t\t<div class=\"bg section-bg fill bg-fill  bg-loaded\" >\n\n\t\t\t\n\t\t\t\n\t\t\t\n\n\t\t<\/div>\n\n\t\t\n\n\t\t<div class=\"section-content relative\">\n\t\t\t\n<div class=\"row row-small\"  id=\"row-1017640205\">\n\n\t<div id=\"col-1613756990\" class=\"col medium-6 small-12 large-6\"  >\n\t\t\t\t<div class=\"col-inner\"  >\n\t\t\t\n\t\t\t\n<h2><span style=\"font-size: 130%;\"><strong>B\u00c1O GI\u00c1 H\u00d4M NAY<\/strong><\/span><\/h2>\n<div role=\"form\" class=\"wpcf7\" id=\"wpcf7-f1118-o1\" lang=\"vi-VN\" dir=\"ltr\">\n<div class=\"screen-reader-response\"><p role=\"status\" aria-live=\"polite\" aria-atomic=\"true\"><\/p> <ul><\/ul><\/div>\n<form action=\"\/vi\/wp-json\/wp\/v2\/pages\/1091#wpcf7-f1118-o1\" method=\"post\" class=\"wpcf7-form init\" novalidate=\"novalidate\" data-status=\"init\">\n<div style=\"display: none;\">\n<input type=\"hidden\" name=\"_wpcf7\" value=\"1118\" \/>\n<input type=\"hidden\" name=\"_wpcf7_version\" value=\"5.6.4\" \/>\n<input type=\"hidden\" name=\"_wpcf7_locale\" value=\"vi_VN\" \/>\n<input type=\"hidden\" name=\"_wpcf7_unit_tag\" value=\"wpcf7-f1118-o1\" \/>\n<input type=\"hidden\" name=\"_wpcf7_container_post\" value=\"0\" \/>\n<input type=\"hidden\" name=\"_wpcf7_posted_data_hash\" value=\"\" \/>\n<\/div>\n<p><label> T\u00ean<br \/>\n    <span class=\"wpcf7-form-control-wrap\" data-name=\"your-name\"><input type=\"text\" name=\"your-name\" value=\"\" size=\"40\" class=\"wpcf7-form-control wpcf7-text wpcf7-validates-as-required\" aria-required=\"true\" aria-invalid=\"false\" \/><\/span> <\/label><\/p>\n<p><label> Email<br \/>\n    <span class=\"wpcf7-form-control-wrap\" data-name=\"your-email\"><input type=\"email\" name=\"your-email\" value=\"\" size=\"40\" class=\"wpcf7-form-control wpcf7-text wpcf7-email wpcf7-validates-as-required wpcf7-validates-as-email\" aria-required=\"true\" aria-invalid=\"false\" \/><\/span> <\/label><\/p>\n<p><label> S\u1ed1 \u0111i\u1ec7n tho\u1ea1i<br \/>\n    <span class=\"wpcf7-form-control-wrap\" data-name=\"tel-326\"><input type=\"tel\" name=\"tel-326\" value=\"\" size=\"40\" class=\"wpcf7-form-control wpcf7-text wpcf7-tel wpcf7-validates-as-required wpcf7-validates-as-tel\" aria-required=\"true\" aria-invalid=\"false\" \/><\/span> <\/label><\/p>\n<p><label> N\u1ed9i dung<br \/>\n    <span class=\"wpcf7-form-control-wrap\" data-name=\"your-message\"><textarea name=\"your-message\" cols=\"40\" rows=\"10\" class=\"wpcf7-form-control wpcf7-textarea\" aria-invalid=\"false\"><\/textarea><\/span> <\/label><\/p>\n<p><input type=\"submit\" value=\"G\u1eedi ngay\" class=\"wpcf7-form-control has-spinner wpcf7-submit\" \/><\/p>\n<div class=\"wpcf7-response-output\" aria-hidden=\"true\"><\/div><\/form><\/div>\n\t\t<\/div>\n\t\t\t\t\t<\/div>\n\n\t\n\n\t<div id=\"col-894315916\" class=\"col medium-6 small-12 large-6\"  >\n\t\t\t\t<div class=\"col-inner\"  >\n\t\t\t\n\t\t\t\n\t<div class=\"img has-hover x md-x lg-x y md-y lg-y\" id=\"image_1297376133\">\n\t\t\t\t\t\t\t\t<div class=\"img-inner image-cover dark\" style=\"padding-top:75%;\">\n\t\t\t<img width=\"600\" height=\"429\" src=\"https:\/\/ecofriendly.vn\/wp-content\/uploads\/2021\/06\/Nong-dan-mua-co-bang.jpg\" class=\"attachment-original size-original\" alt=\"N\u00f4ng d\u00e2n m\u00f9a c\u1ecf b\u00e0ng\" decoding=\"async\" loading=\"lazy\" srcset=\"https:\/\/ecofriendly.vn\/wp-content\/uploads\/2021\/06\/Nong-dan-mua-co-bang.jpg 600w, https:\/\/ecofriendly.vn\/wp-content\/uploads\/2021\/06\/Nong-dan-mua-co-bang-300x215.jpg 300w, https:\/\/ecofriendly.vn\/wp-content\/uploads\/2021\/06\/Nong-dan-mua-co-bang-150x107.jpg 150w\" sizes=\"(max-width: 600px) 100vw, 600px\" \/>\t\t\t\t\t\t\n\t\t\t\t\t<\/div>\n\t\t\t\t\t\t\t\t\n<style>\n#image_1297376133 {\n  width: 100%;\n}\n<\/style>\n\t<\/div>\n\t\n<h3 id=\"tw-target-text\" class=\"tw-data-text tw-text-large XcVN5d tw-ta\" dir=\"ltr\" data-placeholder=\"B\u1ea3n d\u1ecbch\"><span class=\"Y2IQFc\" lang=\"vi\">H\u00e3y \u0111\u1ec3 l\u1ea1i th\u1eafc m\u1eafc c\u1ee7a b\u1ea1n \u0111\u1ec3 ch\u00fang t\u00f4i c\u00f3 c\u01a1 h\u1ed9i ph\u1ee5c v\u1ee5 b\u1ea1n. C\u1ea3m \u01a1n r\u00e2t nhi\u1ec1u!<\/span><\/h3>\n<a href=\"tel:+84703010693\" target=\"_self\" class=\"button primary box-shadow-1 box-shadow-2-hover\"  style=\"border-radius:10px;\">\n    <span>g\u1ecdi nhanh<\/span>\n  <i class=\"icon-user\" aria-hidden=\"true\" ><\/i><\/a>\n\n\t\t<\/div>\n\t\t\t\t\t<\/div>\n\n\t\n<\/div>\n\t\t<\/div>\n\n\t\t\n<style>\n#section_1329208852 {\n  padding-top: 30px;\n  padding-bottom: 30px;\n}\n#section_1329208852 .ux-shape-divider--top svg {\n  height: 150px;\n  --divider-top-width: 100%;\n}\n#section_1329208852 .ux-shape-divider--bottom svg {\n  height: 150px;\n  --divider-width: 100%;\n}\n<\/style>\n\t<\/section>\n\t\n<span class=\"scroll-to\" data-label=\"Scroll to: #contact-now\" data-bullet=\"false\" data-link=\"#contact-now\" data-title=\"Contact Now\"><a name=\"contact-now\"><\/a><\/span>\n\t<section class=\"section\" id=\"section_2038615935\">\n\t\t<div class=\"bg section-bg fill bg-fill  bg-loaded\" >\n\n\t\t\t\n\t\t\t\n\t\t\t\n\n\t\t<\/div>\n\n\t\t\n\n\t\t<div class=\"section-content relative\">\n\t\t\t\n\n<div class=\"row row-small\"  id=\"row-1619120071\">\n\n\n\t<div id=\"col-1321473978\" class=\"col small-12 large-12\"  >\n\t\t\t\t<div class=\"col-inner text-center\"  >\n\t\t\t\n\t\t\t\n\n<div class=\"container section-title-container\" style=\"margin-bottom:5px;\"><h2 class=\"section-title section-title-center\"><b><\/b><span class=\"section-title-main\" style=\"color:rgb(0, 51, 0);\"><i class=\"icon-user-o\" ><\/i>Th\u00f4ng tin li\u00ean h\u1ec7<\/span><b><\/b><\/h2><\/div>\n\n<div class=\"row row-small align-center\"  id=\"row-812090603\">\n\n\n\t<div id=\"col-713097748\" class=\"col medium-5 small-12 large-5\"  >\n\t\t\t\t<div class=\"col-inner text-center\"  >\n\t\t\t\n\t\t\t\n\n\t<div class=\"box has-hover   has-hover box-text-bottom\" >\n\n\t\t<div class=\"box-image\" style=\"border-radius:100%;width:30%;\">\n\t\t\t\t\t\t<div class=\"image-cover\" style=\"padding-top:100%;\">\n\t\t\t\t<img width=\"300\" height=\"300\" src=\"https:\/\/ecofriendly.vn\/wp-content\/uploads\/2021\/05\/CEO-Eco-friendly-Viet-Nam.jpg\" class=\"attachment- size-\" alt=\"CEO-Eco-friendly-Viet-Nam\" decoding=\"async\" loading=\"lazy\" srcset=\"https:\/\/ecofriendly.vn\/wp-content\/uploads\/2021\/05\/CEO-Eco-friendly-Viet-Nam.jpg 300w, https:\/\/ecofriendly.vn\/wp-content\/uploads\/2021\/05\/CEO-Eco-friendly-Viet-Nam-150x150.jpg 150w, https:\/\/ecofriendly.vn\/wp-content\/uploads\/2021\/05\/CEO-Eco-friendly-Viet-Nam-96x96.jpg 96w, https:\/\/ecofriendly.vn\/wp-content\/uploads\/2021\/05\/CEO-Eco-friendly-Viet-Nam-100x100.jpg 100w\" sizes=\"(max-width: 300px) 100vw, 300px\" \/>\t\t\t\t\t\t\t\t\t\t\t<\/div>\n\t\t\t\t\t<\/div>\n\n\t\t<div class=\"box-text text-center\" >\n\t\t\t<div class=\"box-text-inner\">\n\t\t\t\t\n\n<h4 class=\"uppercase\"><span class=\"person-name\">L\u00ea T\u00e2m<\/span><br \/><span class=\"person-title is-small thin-font op-7\"><br \/>CEO<\/span><\/h4>\n<div class=\"social-icons follow-icons\" ><a href=\"https:\/\/www.facebook.com\/lenhantam.lnt\/\" target=\"_blank\" data-label=\"Facebook\" rel=\"noopener noreferrer nofollow\" class=\"icon button circle is-outline facebook tooltip\" title=\"Theo d\u00f5i tr\u00ean Facebook\" aria-label=\"Theo d\u00f5i tr\u00ean Facebook\"><i class=\"icon-facebook\" ><\/i><\/a><a href=\"mailto:tam@ecofriendly.vn\" data-label=\"E-mail\" rel=\"nofollow\" class=\"icon button circle is-outline  email tooltip\" title=\"G\u1eedi email cho ch\u00fang t\u00f4i\" aria-label=\"G\u1eedi email cho ch\u00fang t\u00f4i\"><i class=\"icon-envelop\" ><\/i><\/a><a href=\"tel:+84703010693\" target=\"_blank\" data-label=\"Phone\" rel=\"noopener noreferrer nofollow\" class=\"icon button circle is-outline  phone tooltip\" title=\"G\u1ecdi cho ch\u00fang t\u00f4i\" aria-label=\"G\u1ecdi cho ch\u00fang t\u00f4i\"><i class=\"icon-phone\" ><\/i><\/a><\/div>\n\n<p>L\u00ea T\u00e2m hi\u1ec7n l\u00e0 gi\u00e1m \u0111\u1ed1c \u0111i\u1ec1u h\u00e0nh, \u0111\u00f3ng vai tr\u00f2 quan tr\u1ecdng trong ho\u1ea1t \u0111\u1ed9ng v\u00e0 ph\u00e1t tri\u1ec3n kinh doanh c\u1ee7a c\u00f4ng ty. N\u1ebfu b\u1ea1n c\u00f3 \u00fd t\u01b0\u1edfng ho\u1eb7c t\u00ecm th\u00f4ng tin s\u1ea3n ph\u1ea9m vui l\u00f2ng g\u1eedi cho anh \u1ea5y<\/p>\n<a href=\"tel:+84703010693\" target=\"_self\" class=\"button primary is-outline\"  style=\"border-radius:5px;\">\n    <span>G\u1ecdi nhanh<\/span>\n  <\/a>\n\n\n\n\t\t\t<\/div>\n\t\t<\/div>\n\t<\/div>\n\t\n\n\t\t<\/div>\n\t\t\t\t\t<\/div>\n\n\t\n\n\t<div id=\"col-651934101\" class=\"col medium-5 small-12 large-5\"  >\n\t\t\t\t<div class=\"col-inner text-center\"  >\n\t\t\t\n\t\t\t\n\n\t<div class=\"box has-hover   has-hover box-text-bottom\" >\n\n\t\t<div class=\"box-image\" style=\"border-radius:100%;width:30%;\">\n\t\t\t\t\t\t<div class=\"image-cover\" style=\"padding-top:100%;\">\n\t\t\t\t<img width=\"300\" height=\"300\" src=\"https:\/\/ecofriendly.vn\/wp-content\/uploads\/2021\/05\/RnD-Eco-friendly-Viet-Nam.jpg\" class=\"attachment- size-\" alt=\"RnD-Eco-friendly-Viet-Nam\" decoding=\"async\" loading=\"lazy\" srcset=\"https:\/\/ecofriendly.vn\/wp-content\/uploads\/2021\/05\/RnD-Eco-friendly-Viet-Nam.jpg 300w, https:\/\/ecofriendly.vn\/wp-content\/uploads\/2021\/05\/RnD-Eco-friendly-Viet-Nam-150x150.jpg 150w, https:\/\/ecofriendly.vn\/wp-content\/uploads\/2021\/05\/RnD-Eco-friendly-Viet-Nam-96x96.jpg 96w, https:\/\/ecofriendly.vn\/wp-content\/uploads\/2021\/05\/RnD-Eco-friendly-Viet-Nam-100x100.jpg 100w\" sizes=\"(max-width: 300px) 100vw, 300px\" \/>\t\t\t\t\t\t\t\t\t\t\t<\/div>\n\t\t\t\t\t<\/div>\n\n\t\t<div class=\"box-text text-center\" >\n\t\t\t<div class=\"box-text-inner\">\n\t\t\t\t\n\n<h4 class=\"uppercase\"><span class=\"person-name\">L\u00ea Nh\u00e2n<\/span><br \/><span class=\"person-title is-small thin-font op-7\"><br \/>Gi\u00e1m \u0111\u1ed1c s\u1ea3n xu\u1ea5t<\/span><\/h4>\n<div class=\"social-icons follow-icons\" ><a href=\"https:\/\/www.facebook.com\/letrongnhan.le.7\" target=\"_blank\" data-label=\"Facebook\" rel=\"noopener noreferrer nofollow\" class=\"icon button circle is-outline facebook tooltip\" title=\"Theo d\u00f5i tr\u00ean Facebook\" aria-label=\"Theo d\u00f5i tr\u00ean Facebook\"><i class=\"icon-facebook\" ><\/i><\/a><a href=\"mailto:help@ecofriendly.vn\" data-label=\"E-mail\" rel=\"nofollow\" class=\"icon button circle is-outline  email tooltip\" title=\"G\u1eedi email cho ch\u00fang t\u00f4i\" aria-label=\"G\u1eedi email cho ch\u00fang t\u00f4i\"><i class=\"icon-envelop\" ><\/i><\/a><a href=\"tel:+84919437732\" target=\"_blank\" data-label=\"Phone\" rel=\"noopener noreferrer nofollow\" class=\"icon button circle is-outline  phone tooltip\" title=\"G\u1ecdi cho ch\u00fang t\u00f4i\" aria-label=\"G\u1ecdi cho ch\u00fang t\u00f4i\"><i class=\"icon-phone\" ><\/i><\/a><\/div>\n\n<p>L\u00ea Nh\u00e2n hi\u1ec7n \u0111ang \u0111\u00f3ng vai tr\u00f2 quan tr\u1ecdng trong vi\u1ec7c s\u1ea3n xu\u1ea5t, th\u1eed nghi\u1ec7m v\u00e0 nghi\u00ean c\u1ee9u c\u00e1c s\u1ea3n ph\u1ea9m m\u1edbi. N\u1ebfu b\u1ea1n c\u00f3 \u00fd t\u01b0\u1edfng ho\u1eb7c t\u00ecm th\u00f4ng tin s\u1ea3n ph\u1ea9m vui l\u00f2ng g\u1eedi cho anh \u1ea5y<\/p>\n<a href=\"tel:+84919437732\" target=\"_self\" class=\"button primary is-outline\"  style=\"border-radius:5px;\">\n    <span>G\u1ecdi nhanh<\/span>\n  <\/a>\n\n\n\n\t\t\t<\/div>\n\t\t<\/div>\n\t<\/div>\n\t\n\n\t\t<\/div>\n\t\t\t\t\t<\/div>\n\n\t\n\n<\/div>\n\n\t\t<\/div>\n\t\t\t\t\t<\/div>\n\n\t\n\n<\/div>\n\n\t\t<\/div>\n\n\t\t\n<style>\n#section_2038615935 {\n  padding-top: 30px;\n  padding-bottom: 30px;\n}\n#section_2038615935 .ux-shape-divider--top svg {\n  height: 150px;\n  --divider-top-width: 100%;\n}\n#section_2038615935 .ux-shape-divider--bottom svg {\n  height: 150px;\n  --divider-width: 100%;\n}\n<\/style>\n\t<\/section>\n\t\n","protected":false},"excerpt":{"rendered":"","protected":false},"author":1,"featured_media":0,"parent":0,"menu_order":0,"comment_status":"closed","ping_status":"closed","template":"page-blank.php","meta":[],"_links":{"self":[{"href":"https:\/\/ecofriendly.vn\/vi\/wp-json\/wp\/v2\/pages\/1091"}],"collection":[{"href":"https:\/\/ecofriendly.vn\/vi\/wp-json\/wp\/v2\/pages"}],"about":[{"href":"https:\/\/ecofriendly.vn\/vi\/wp-json\/wp\/v2\/types\/page"}],"author":[{"embeddable":true,"href":"https:\/\/ecofriendly.vn\/vi\/wp-json\/wp\/v2\/users\/1"}],"replies":[{"embeddable":true,"href":"https:\/\/ecofriendly.vn\/vi\/wp-json\/wp\/v2\/comments?post=1091"}],"version-history":[{"count":0,"href":"https:\/\/ecofriendly.vn\/vi\/wp-json\/wp\/v2\/pages\/1091\/revisions"}],"wp:attachment":[{"href":"https:\/\/ecofriendly.vn\/vi\/wp-json\/wp\/v2\/media?parent=1091"}],"curies":[{"name":"wp","href":"https:\/\/api.w.org\/{rel}","templated":true}]}}