{"id":1087,"date":"2021-05-07T02:45:52","date_gmt":"2021-05-07T02:45:52","guid":{"rendered":"https:\/\/ecofriendly.vn\/products\/"},"modified":"2021-05-28T15:06:34","modified_gmt":"2021-05-28T08:06:34","slug":"san-pham","status":"publish","type":"page","link":"https:\/\/ecofriendly.vn\/vi\/san-pham\/","title":{"rendered":"S\u1ea3n ph\u1ea9m"},"content":{"rendered":"\t<section class=\"section\" id=\"section_329108462\">\n\t\t<div class=\"bg section-bg fill bg-fill  bg-loaded\" >\n\n\t\t\t\n\t\t\t\n\t\t\t\n\n\t\t<\/div>\n\n\t\t\n\n\t\t<div class=\"section-content relative\">\n\t\t\t\n\n  <div class=\"banner has-hover is-full-height\" id=\"banner-1257480668\">\n          <div class=\"banner-inner fill\">\n        <div class=\"banner-bg fill\" >\n            <div class=\"bg fill bg-fill \"><\/div>\n                        <div class=\"overlay\"><\/div>            \n                    <\/div>\n\t\t\n        <div class=\"banner-layers container\">\n            <div class=\"fill banner-link\"><\/div>            \n   <div id=\"text-box-1496660744\" class=\"text-box banner-layer x50 md-x50 lg-x50 y50 md-y50 lg-y50 res-text\">\n                                <div class=\"text-box-content text dark\">\n              \n              <div class=\"text-inner text-center\">\n                  \n<h1 class=\"uppercase\">S\u1ea2N PH\u1ea8M C\u1ee6A ECO FRIENDLY<\/h1>\n<h4><strong>100% Eco-Friendly Disposable, Natural Biodegradable &amp; Reusable<\/strong><\/h4>\n              <\/div>\n           <\/div>\n                            \n<style>\n#text-box-1496660744 {\n  width: 63%;\n}\n#text-box-1496660744 .text-box-content {\n  font-size: 100%;\n}\n<\/style>\n    <\/div>\n \n        <\/div>\n      <\/div>\n\n            \n<style>\n#banner-1257480668 {\n  padding-top: 100%;\n}\n#banner-1257480668 .bg.bg-loaded {\n  background-image: url(https:\/\/ecofriendly.vn\/wp-content\/uploads\/2021\/05\/wahapy-vietnam-eco-friendly-products-2021-1.jpg);\n}\n#banner-1257480668 .overlay {\n  background-color: rgba(0, 51, 0, 0.5);\n}\n#banner-1257480668 .ux-shape-divider--top svg {\n  height: 150px;\n  --divider-top-width: 100%;\n}\n#banner-1257480668 .ux-shape-divider--bottom svg {\n  height: 150px;\n  --divider-width: 100%;\n}\n<\/style>\n  <\/div>\n\n\n\t\t<\/div>\n\n\t\t\n<style>\n#section_329108462 {\n  padding-top: 0px;\n  padding-bottom: 0px;\n}\n#section_329108462 .ux-shape-divider--top svg {\n  height: 150px;\n  --divider-top-width: 100%;\n}\n#section_329108462 .ux-shape-divider--bottom svg {\n  height: 150px;\n  --divider-width: 100%;\n}\n<\/style>\n\t<\/section>\n\t\n\t<section class=\"section\" id=\"section_280025644\">\n\t\t<div class=\"bg section-bg fill bg-fill  bg-loaded\" >\n\n\t\t\t\n\t\t\t\n\t\t\t\n\n\t\t<\/div>\n\n\t\t\n\n\t\t<div class=\"section-content relative\">\n\t\t\t\n<div class=\"row row-small\"  id=\"row-66737578\">\n\n\t<div id=\"col-875186640\" class=\"col small-12 large-12\"  >\n\t\t\t\t<div class=\"col-inner\"  >\n\t\t\t\n\t\t\t\n<div class=\"container section-title-container\" style=\"margin-bottom:5px;\"><h2 class=\"section-title section-title-center\"><b><\/b><span class=\"section-title-main\" style=\"color:rgb(0, 51, 0);\"><i class=\"icon-star-o\" ><\/i>NEW PRODUCTS<\/span><b><\/b><\/h2><\/div>\n  <div class=\"banner-grid-wrapper\">\n  <div id=\"banner-grid-1027950710\" class=\"banner-grid row row-grid row-small\" data-packery-options=\"\">\n                      \n<div class=\"col grid-col large-6 grid-col-2-3\" ><div class=\"col-inner\">\n\t<div class=\"img has-hover x md-x lg-x y md-y lg-y\" id=\"image_178291678\">\n\t\t\t\t\t\t\t\t<div class=\"img-inner dark\" >\n\t\t\t<img width=\"1600\" height=\"920\" src=\"https:\/\/ecofriendly.vn\/wp-content\/uploads\/2021\/05\/Bamboo-Straws-Vietnam-92.jpg\" class=\"attachment-original size-original\" alt=\"\" decoding=\"async\" loading=\"lazy\" srcset=\"https:\/\/ecofriendly.vn\/wp-content\/uploads\/2021\/05\/Bamboo-Straws-Vietnam-92.jpg 1600w, https:\/\/ecofriendly.vn\/wp-content\/uploads\/2021\/05\/Bamboo-Straws-Vietnam-92-300x173.jpg 300w, https:\/\/ecofriendly.vn\/wp-content\/uploads\/2021\/05\/Bamboo-Straws-Vietnam-92-1024x589.jpg 1024w, https:\/\/ecofriendly.vn\/wp-content\/uploads\/2021\/05\/Bamboo-Straws-Vietnam-92-768x442.jpg 768w, https:\/\/ecofriendly.vn\/wp-content\/uploads\/2021\/05\/Bamboo-Straws-Vietnam-92-1536x883.jpg 1536w, https:\/\/ecofriendly.vn\/wp-content\/uploads\/2021\/05\/Bamboo-Straws-Vietnam-92-150x86.jpg 150w, https:\/\/ecofriendly.vn\/wp-content\/uploads\/2021\/05\/Bamboo-Straws-Vietnam-92-600x345.jpg 600w\" sizes=\"(max-width: 1600px) 100vw, 1600px\" \/>\t\t\t\t\t\t\n\t\t\t\t\t<\/div>\n\t\t\t\t\t\t\t\t\n<style>\n#image_178291678 {\n  width: 100%;\n}\n<\/style>\n\t<\/div>\n\t\n<\/div><\/div>\n<div class=\"col grid-col large-6 grid-col-1-2\" ><div class=\"col-inner\">\n\t<div class=\"img has-hover x md-x lg-x y md-y lg-y\" id=\"image_1741907683\">\n\t\t\t\t\t\t\t\t<div class=\"img-inner dark\" >\n\t\t\t<img width=\"1020\" height=\"574\" src=\"https:\/\/ecofriendly.vn\/wp-content\/uploads\/2021\/05\/wooden-utensils-cooking-kitchen-wahapy-vietnam-2021-1024x576.jpg\" class=\"attachment-large size-large\" alt=\"\" decoding=\"async\" loading=\"lazy\" srcset=\"https:\/\/ecofriendly.vn\/wp-content\/uploads\/2021\/05\/wooden-utensils-cooking-kitchen-wahapy-vietnam-2021-1024x576.jpg 1024w, https:\/\/ecofriendly.vn\/wp-content\/uploads\/2021\/05\/wooden-utensils-cooking-kitchen-wahapy-vietnam-2021-300x169.jpg 300w, https:\/\/ecofriendly.vn\/wp-content\/uploads\/2021\/05\/wooden-utensils-cooking-kitchen-wahapy-vietnam-2021-768x432.jpg 768w, https:\/\/ecofriendly.vn\/wp-content\/uploads\/2021\/05\/wooden-utensils-cooking-kitchen-wahapy-vietnam-2021-1536x864.jpg 1536w, https:\/\/ecofriendly.vn\/wp-content\/uploads\/2021\/05\/wooden-utensils-cooking-kitchen-wahapy-vietnam-2021-150x84.jpg 150w, https:\/\/ecofriendly.vn\/wp-content\/uploads\/2021\/05\/wooden-utensils-cooking-kitchen-wahapy-vietnam-2021-600x338.jpg 600w, https:\/\/ecofriendly.vn\/wp-content\/uploads\/2021\/05\/wooden-utensils-cooking-kitchen-wahapy-vietnam-2021.jpg 1920w\" sizes=\"(max-width: 1020px) 100vw, 1020px\" \/>\t\t\t\t\t\t\n\t\t\t\t\t<\/div>\n\t\t\t\t\t\t\t\t\n<style>\n#image_1741907683 {\n  width: 100%;\n}\n<\/style>\n\t<\/div>\n\t\n<\/div><\/div>\n<div class=\"col grid-col large-3 grid-col-1-2\" ><div class=\"col-inner\">\n\t<div class=\"img has-hover x md-x lg-x y md-y lg-y\" id=\"image_2117139282\">\n\t\t\t\t\t\t\t\t<div class=\"img-inner dark\" >\n\t\t\t<img width=\"640\" height=\"640\" src=\"https:\/\/ecofriendly.vn\/wp-content\/uploads\/2021\/05\/Bamboo-cup-straws-wahapy-vietnam-34543.jpg\" class=\"attachment-original size-original\" alt=\"\" decoding=\"async\" loading=\"lazy\" srcset=\"https:\/\/ecofriendly.vn\/wp-content\/uploads\/2021\/05\/Bamboo-cup-straws-wahapy-vietnam-34543.jpg 640w, https:\/\/ecofriendly.vn\/wp-content\/uploads\/2021\/05\/Bamboo-cup-straws-wahapy-vietnam-34543-300x300.jpg 300w, https:\/\/ecofriendly.vn\/wp-content\/uploads\/2021\/05\/Bamboo-cup-straws-wahapy-vietnam-34543-150x150.jpg 150w, https:\/\/ecofriendly.vn\/wp-content\/uploads\/2021\/05\/Bamboo-cup-straws-wahapy-vietnam-34543-96x96.jpg 96w, https:\/\/ecofriendly.vn\/wp-content\/uploads\/2021\/05\/Bamboo-cup-straws-wahapy-vietnam-34543-600x600.jpg 600w, https:\/\/ecofriendly.vn\/wp-content\/uploads\/2021\/05\/Bamboo-cup-straws-wahapy-vietnam-34543-100x100.jpg 100w\" sizes=\"(max-width: 640px) 100vw, 640px\" \/>\t\t\t\t\t\t\n\t\t\t\t\t<\/div>\n\t\t\t\t\t\t\t\t\n<style>\n#image_2117139282 {\n  width: 100%;\n}\n<\/style>\n\t<\/div>\n\t\n<\/div><\/div>\n<div class=\"col grid-col large-3 grid-col-1-2\" ><div class=\"col-inner\">\n\t<div class=\"img has-hover x md-x lg-x y md-y lg-y\" id=\"image_338732602\">\n\t\t\t\t\t\t\t\t<div class=\"img-inner dark\" >\n\t\t\t<img width=\"2560\" height=\"2560\" src=\"https:\/\/ecofriendly.vn\/wp-content\/uploads\/2021\/05\/ARECA-LEAF-PLATES-WAHAPY-VIETNAM-8.jpg\" class=\"attachment-original size-original\" alt=\"\" decoding=\"async\" loading=\"lazy\" srcset=\"https:\/\/ecofriendly.vn\/wp-content\/uploads\/2021\/05\/ARECA-LEAF-PLATES-WAHAPY-VIETNAM-8.jpg 2560w, https:\/\/ecofriendly.vn\/wp-content\/uploads\/2021\/05\/ARECA-LEAF-PLATES-WAHAPY-VIETNAM-8-300x300.jpg 300w, https:\/\/ecofriendly.vn\/wp-content\/uploads\/2021\/05\/ARECA-LEAF-PLATES-WAHAPY-VIETNAM-8-1024x1024.jpg 1024w, https:\/\/ecofriendly.vn\/wp-content\/uploads\/2021\/05\/ARECA-LEAF-PLATES-WAHAPY-VIETNAM-8-150x150.jpg 150w, https:\/\/ecofriendly.vn\/wp-content\/uploads\/2021\/05\/ARECA-LEAF-PLATES-WAHAPY-VIETNAM-8-768x768.jpg 768w, https:\/\/ecofriendly.vn\/wp-content\/uploads\/2021\/05\/ARECA-LEAF-PLATES-WAHAPY-VIETNAM-8-1536x1536.jpg 1536w, https:\/\/ecofriendly.vn\/wp-content\/uploads\/2021\/05\/ARECA-LEAF-PLATES-WAHAPY-VIETNAM-8-2048x2048.jpg 2048w, https:\/\/ecofriendly.vn\/wp-content\/uploads\/2021\/05\/ARECA-LEAF-PLATES-WAHAPY-VIETNAM-8-96x96.jpg 96w, https:\/\/ecofriendly.vn\/wp-content\/uploads\/2021\/05\/ARECA-LEAF-PLATES-WAHAPY-VIETNAM-8-600x600.jpg 600w, https:\/\/ecofriendly.vn\/wp-content\/uploads\/2021\/05\/ARECA-LEAF-PLATES-WAHAPY-VIETNAM-8-100x100.jpg 100w\" sizes=\"(max-width: 2560px) 100vw, 2560px\" \/>\t\t\t\t\t\t\n\t\t\t\t\t<\/div>\n\t\t\t\t\t\t\t\t\n<style>\n#image_338732602 {\n  width: 100%;\n}\n<\/style>\n\t<\/div>\n\t\n<\/div><\/div>\n<div class=\"col grid-col large-6 grid-col-1-3\" ><div class=\"col-inner\">\n\t<div class=\"img has-hover x md-x lg-x y md-y lg-y\" id=\"image_542609386\">\n\t\t\t\t\t\t\t\t<div class=\"img-inner dark\" >\n\t\t\t<img width=\"1020\" height=\"575\" src=\"https:\/\/ecofriendly.vn\/wp-content\/uploads\/2021\/05\/Rice-Straws-Wahapy-Vietnam-6-1024x577.jpg\" class=\"attachment-large size-large\" alt=\"\" decoding=\"async\" loading=\"lazy\" srcset=\"https:\/\/ecofriendly.vn\/wp-content\/uploads\/2021\/05\/Rice-Straws-Wahapy-Vietnam-6-1024x577.jpg 1024w, https:\/\/ecofriendly.vn\/wp-content\/uploads\/2021\/05\/Rice-Straws-Wahapy-Vietnam-6-300x169.jpg 300w, https:\/\/ecofriendly.vn\/wp-content\/uploads\/2021\/05\/Rice-Straws-Wahapy-Vietnam-6-768x433.jpg 768w, https:\/\/ecofriendly.vn\/wp-content\/uploads\/2021\/05\/Rice-Straws-Wahapy-Vietnam-6-1536x866.jpg 1536w, https:\/\/ecofriendly.vn\/wp-content\/uploads\/2021\/05\/Rice-Straws-Wahapy-Vietnam-6-150x85.jpg 150w, https:\/\/ecofriendly.vn\/wp-content\/uploads\/2021\/05\/Rice-Straws-Wahapy-Vietnam-6-600x338.jpg 600w, https:\/\/ecofriendly.vn\/wp-content\/uploads\/2021\/05\/Rice-Straws-Wahapy-Vietnam-6.jpg 1919w\" sizes=\"(max-width: 1020px) 100vw, 1020px\" \/>\t\t\t\t\t\t\n\t\t\t\t\t<\/div>\n\t\t\t\t\t\t\t\t\n<style>\n#image_542609386 {\n  width: 100%;\n}\n<\/style>\n\t<\/div>\n\t\n<\/div><\/div>\n            <\/div>\n    <style>\n    #banner-grid-1027950710 .grid-col-1{height: 600px}\n    #banner-grid-1027950710 .grid-col-1-2{height: 300px}\n    #banner-grid-1027950710 .grid-col-1-3{height:200px}\n    #banner-grid-1027950710 .grid-col-2-3{height: 400px}\n    #banner-grid-1027950710 .grid-col-1-4{height: 150px}\n    #banner-grid-1027950710 .grid-col-3-4{height: 450px}\n\n\n    \n    \n\n  <\/style>\n    <\/div>\n  \n\t\t<\/div>\n\t\t\t\t\t<\/div>\n\n\t\n<\/div>\n\t\t<\/div>\n\n\t\t\n<style>\n#section_280025644 {\n  padding-top: 30px;\n  padding-bottom: 30px;\n}\n#section_280025644 .ux-shape-divider--top svg {\n  height: 150px;\n  --divider-top-width: 100%;\n}\n#section_280025644 .ux-shape-divider--bottom svg {\n  height: 150px;\n  --divider-width: 100%;\n}\n<\/style>\n\t<\/section>\n\t\n\t<section class=\"section\" id=\"section_1402483582\">\n\t\t<div class=\"bg section-bg fill bg-fill  bg-loaded\" >\n\n\t\t\t\n\t\t\t\n\t\t\t\n\n\t\t<\/div>\n\n\t\t\n\n\t\t<div class=\"section-content relative\">\n\t\t\t\n\n<div class=\"row row-small\"  id=\"row-2013344288\">\n\n\n\t<div id=\"col-1413281977\" class=\"col small-12 large-12\"  >\n\t\t\t\t<div class=\"col-inner text-center\"  >\n\t\t\t\n\t\t\t\n\n<div class=\"container section-title-container\" style=\"margin-bottom:5px;\"><h2 class=\"section-title section-title-center\"><b><\/b><span class=\"section-title-main\" style=\"color:rgb(0, 51, 0);\"><i class=\"icon-user-o\" ><\/i>TH\u00d4NG TIN LI\u00caN H\u1ec6<\/span><b><\/b><\/h2><\/div>\n\n<div class=\"row row-small align-center\"  id=\"row-410906170\">\n\n\n\t<div id=\"col-469888352\" class=\"col medium-5 small-12 large-5\"  >\n\t\t\t\t<div class=\"col-inner text-center\"  >\n\t\t\t\n\t\t\t\n\n\t<div class=\"box has-hover   has-hover box-text-bottom\" >\n\n\t\t<div class=\"box-image\" style=\"border-radius:100%;width:30%;\">\n\t\t\t\t\t\t<div class=\"image-cover\" style=\"padding-top:100%;\">\n\t\t\t\t<img width=\"300\" height=\"300\" src=\"https:\/\/ecofriendly.vn\/wp-content\/uploads\/2021\/05\/CEO-Eco-friendly-Viet-Nam.jpg\" class=\"attachment- size-\" alt=\"\" decoding=\"async\" loading=\"lazy\" srcset=\"https:\/\/ecofriendly.vn\/wp-content\/uploads\/2021\/05\/CEO-Eco-friendly-Viet-Nam.jpg 300w, https:\/\/ecofriendly.vn\/wp-content\/uploads\/2021\/05\/CEO-Eco-friendly-Viet-Nam-150x150.jpg 150w, https:\/\/ecofriendly.vn\/wp-content\/uploads\/2021\/05\/CEO-Eco-friendly-Viet-Nam-96x96.jpg 96w, https:\/\/ecofriendly.vn\/wp-content\/uploads\/2021\/05\/CEO-Eco-friendly-Viet-Nam-100x100.jpg 100w\" sizes=\"(max-width: 300px) 100vw, 300px\" \/>\t\t\t\t\t\t\t\t\t\t\t<\/div>\n\t\t\t\t\t<\/div>\n\n\t\t<div class=\"box-text text-center\" >\n\t\t\t<div class=\"box-text-inner\">\n\t\t\t\t\n\n<h4 class=\"uppercase\"><span class=\"person-name\">L\u00ea T\u00e2m<\/span><br \/>\n<span class=\"person-title is-small thin-font op-7\"><br \/>\nCEO<\/span><\/h4>\n<div class=\"social-icons follow-icons\" ><a href=\"https:\/\/www.facebook.com\/lenhantam.lnt\/\" target=\"_blank\" data-label=\"Facebook\" rel=\"noopener noreferrer nofollow\" class=\"icon button circle is-outline facebook tooltip\" title=\"Theo d\u00f5i tr\u00ean Facebook\" aria-label=\"Theo d\u00f5i tr\u00ean Facebook\"><i class=\"icon-facebook\" ><\/i><\/a><a href=\"mailto:tam@ecofriendly.vn\" data-label=\"E-mail\" rel=\"nofollow\" class=\"icon button circle is-outline  email tooltip\" title=\"G\u1eedi email cho ch\u00fang t\u00f4i\" aria-label=\"G\u1eedi email cho ch\u00fang t\u00f4i\"><i class=\"icon-envelop\" ><\/i><\/a><a href=\"tel:+84703010693\" target=\"_blank\" data-label=\"Phone\" rel=\"noopener noreferrer nofollow\" class=\"icon button circle is-outline  phone tooltip\" title=\"G\u1ecdi cho ch\u00fang t\u00f4i\" aria-label=\"G\u1ecdi cho ch\u00fang t\u00f4i\"><i class=\"icon-phone\" ><\/i><\/a><\/div>\n\n<p>L\u00ea T\u00e2m hi\u1ec7n l\u00e0 gi\u00e1m \u0111\u1ed1c \u0111i\u1ec1u h\u00e0nh, \u0111\u00f3ng vai tr\u00f2 quan tr\u1ecdng trong ho\u1ea1t \u0111\u1ed9ng v\u00e0 ph\u00e1t tri\u1ec3n kinh doanh c\u1ee7a c\u00f4ng ty. N\u1ebfu b\u1ea1n c\u00f3 \u00fd t\u01b0\u1edfng ho\u1eb7c t\u00ecm th\u00f4ng tin s\u1ea3n ph\u1ea9m vui l\u00f2ng g\u1eedi cho anh \u1ea5y<\/p>\n<a href=\"https:\/\/wa.me\/+84703010693\" target=\"_self\" class=\"button primary is-outline\" style=\"border-radius:5px;\" rel=\"noopener\">\n    <span>G\u1ecdi nhanh<\/span>\n  <\/a>\n\n\n\n\t\t\t<\/div>\n\t\t<\/div>\n\t<\/div>\n\t\n\n\t\t<\/div>\n\t\t\t\t\t<\/div>\n\n\t\n\n\t<div id=\"col-2074201409\" class=\"col medium-5 small-12 large-5\"  >\n\t\t\t\t<div class=\"col-inner text-center\"  >\n\t\t\t\n\t\t\t\n\n\t<div class=\"box has-hover   has-hover box-text-bottom\" >\n\n\t\t<div class=\"box-image\" style=\"border-radius:100%;width:30%;\">\n\t\t\t\t\t\t<div class=\"image-cover\" style=\"padding-top:100%;\">\n\t\t\t\t<img width=\"300\" height=\"300\" src=\"https:\/\/ecofriendly.vn\/wp-content\/uploads\/2021\/05\/RnD-Eco-friendly-Viet-Nam.jpg\" class=\"attachment- size-\" alt=\"\" decoding=\"async\" loading=\"lazy\" srcset=\"https:\/\/ecofriendly.vn\/wp-content\/uploads\/2021\/05\/RnD-Eco-friendly-Viet-Nam.jpg 300w, https:\/\/ecofriendly.vn\/wp-content\/uploads\/2021\/05\/RnD-Eco-friendly-Viet-Nam-150x150.jpg 150w, https:\/\/ecofriendly.vn\/wp-content\/uploads\/2021\/05\/RnD-Eco-friendly-Viet-Nam-96x96.jpg 96w, https:\/\/ecofriendly.vn\/wp-content\/uploads\/2021\/05\/RnD-Eco-friendly-Viet-Nam-100x100.jpg 100w\" sizes=\"(max-width: 300px) 100vw, 300px\" \/>\t\t\t\t\t\t\t\t\t\t\t<\/div>\n\t\t\t\t\t<\/div>\n\n\t\t<div class=\"box-text text-center\" >\n\t\t\t<div class=\"box-text-inner\">\n\t\t\t\t\n\n<h4 class=\"uppercase\"><span class=\"person-name\">L\u00ea Nh\u00e2n<\/span><br \/>\n<span class=\"person-title is-small thin-font op-7\"><br \/>\nGi\u00e1m \u0111\u1ed1c s\u1ea3n xu\u1ea5t<\/span><\/h4>\n<div class=\"social-icons follow-icons\" ><a href=\"https:\/\/www.facebook.com\/letrongnhan.le.7\" target=\"_blank\" data-label=\"Facebook\" rel=\"noopener noreferrer nofollow\" class=\"icon button circle is-outline facebook tooltip\" title=\"Theo d\u00f5i tr\u00ean Facebook\" aria-label=\"Theo d\u00f5i tr\u00ean Facebook\"><i class=\"icon-facebook\" ><\/i><\/a><a href=\"mailto:help@ecofriendly.vn\" data-label=\"E-mail\" rel=\"nofollow\" class=\"icon button circle is-outline  email tooltip\" title=\"G\u1eedi email cho ch\u00fang t\u00f4i\" aria-label=\"G\u1eedi email cho ch\u00fang t\u00f4i\"><i class=\"icon-envelop\" ><\/i><\/a><a href=\"tel:+84919437732\" target=\"_blank\" data-label=\"Phone\" rel=\"noopener noreferrer nofollow\" class=\"icon button circle is-outline  phone tooltip\" title=\"G\u1ecdi cho ch\u00fang t\u00f4i\" aria-label=\"G\u1ecdi cho ch\u00fang t\u00f4i\"><i class=\"icon-phone\" ><\/i><\/a><\/div>\n\n<p>L\u00ea Nh\u00e2n hi\u1ec7n \u0111ang \u0111\u00f3ng vai tr\u00f2 quan tr\u1ecdng trong vi\u1ec7c s\u1ea3n xu\u1ea5t, th\u1eed nghi\u1ec7m v\u00e0 nghi\u00ean c\u1ee9u c\u00e1c s\u1ea3n ph\u1ea9m m\u1edbi. N\u1ebfu b\u1ea1n c\u00f3 \u00fd t\u01b0\u1edfng ho\u1eb7c t\u00ecm th\u00f4ng tin s\u1ea3n ph\u1ea9m vui l\u00f2ng g\u1eedi cho anh \u1ea5y<\/p>\n<a href=\"https:\/\/wa.me\/+84919437732\" target=\"_self\" class=\"button primary is-outline\" style=\"border-radius:5px;\" rel=\"noopener\">\n    <span>G\u1ecdi nhanh<\/span>\n  <\/a>\n\n\n\n\t\t\t<\/div>\n\t\t<\/div>\n\t<\/div>\n\t\n\n\t\t<\/div>\n\t\t\t\t\t<\/div>\n\n\t\n\n<\/div>\n\n\t\t<\/div>\n\t\t\t\t\t<\/div>\n\n\t\n\n<\/div>\n\n\t\t<\/div>\n\n\t\t\n<style>\n#section_1402483582 {\n  padding-top: 30px;\n  padding-bottom: 30px;\n}\n#section_1402483582 .ux-shape-divider--top svg {\n  height: 150px;\n  --divider-top-width: 100%;\n}\n#section_1402483582 .ux-shape-divider--bottom svg {\n  height: 150px;\n  --divider-width: 100%;\n}\n<\/style>\n\t<\/section>\n\t\n","protected":false},"excerpt":{"rendered":"","protected":false},"author":1,"featured_media":0,"parent":0,"menu_order":0,"comment_status":"closed","ping_status":"closed","template":"page-blank.php","meta":[],"_links":{"self":[{"href":"https:\/\/ecofriendly.vn\/vi\/wp-json\/wp\/v2\/pages\/1087"}],"collection":[{"href":"https:\/\/ecofriendly.vn\/vi\/wp-json\/wp\/v2\/pages"}],"about":[{"href":"https:\/\/ecofriendly.vn\/vi\/wp-json\/wp\/v2\/types\/page"}],"author":[{"embeddable":true,"href":"https:\/\/ecofriendly.vn\/vi\/wp-json\/wp\/v2\/users\/1"}],"replies":[{"embeddable":true,"href":"https:\/\/ecofriendly.vn\/vi\/wp-json\/wp\/v2\/comments?post=1087"}],"version-history":[{"count":0,"href":"https:\/\/ecofriendly.vn\/vi\/wp-json\/wp\/v2\/pages\/1087\/revisions"}],"wp:attachment":[{"href":"https:\/\/ecofriendly.vn\/vi\/wp-json\/wp\/v2\/media?parent=1087"}],"curies":[{"name":"wp","href":"https:\/\/api.w.org\/{rel}","templated":true}]}}